{"id":102,"date":"2023-09-28T16:32:38","date_gmt":"2023-09-28T14:32:38","guid":{"rendered":"https:\/\/et-musique.fr\/?page_id=102"},"modified":"2023-09-28T16:32:38","modified_gmt":"2023-09-28T14:32:38","slug":"un-peu-de-theorie","status":"publish","type":"page","link":"https:\/\/et-musique.fr\/index.php\/un-peu-de-theorie\/","title":{"rendered":"Un peu de th\u00e9orie &#8230;"},"content":{"rendered":"<p style=\"text-align: center;\"><span style=\"font-size: 18pt; color: #ff0000;\"><strong>Cette page est en construction n\u2019h\u00e9sitez pas \u00e0 revenir r\u00e9guli\u00e8rement.<\/strong><\/span><\/p>\n<p>&nbsp;<\/p>\n<p><span style=\"font-size: 14pt;\">Voici une page d\u00e9di\u00e9e aux\u00a0\u00e9l\u00e8ves pr\u00e9parant les examens de formation musicale de fin de cycle.<\/span><\/p>\n<p><span style=\"font-size: 14pt;\">Vous y trouverez les accompagnements des chants, la partie chant\u00e9e ainsi que quelques fiches pour vous aider dans les r\u00e9visions.<\/span><\/p>\n","protected":false},"excerpt":{"rendered":"<p>Cette page est en construction n\u2019h\u00e9sitez pas \u00e0 revenir r\u00e9guli\u00e8rement. &nbsp; Voici une page d\u00e9di\u00e9e aux\u00a0\u00e9l\u00e8ves pr\u00e9parant les examens de formation musicale de fin de cycle. Vous y trouverez les accompagnements des chants, la partie chant\u00e9e ainsi que quelques fiches &hellip; <\/p>\n","protected":false},"author":1,"featured_media":0,"parent":0,"menu_order":0,"comment_status":"closed","ping_status":"closed","template":"","meta":{"footnotes":""},"class_list":["post-102","page","type-page","status-publish","hentry"],"_links":{"self":[{"href":"https:\/\/et-musique.fr\/index.php\/wp-json\/wp\/v2\/pages\/102","targetHints":{"allow":["GET"]}}],"collection":[{"href":"https:\/\/et-musique.fr\/index.php\/wp-json\/wp\/v2\/pages"}],"about":[{"href":"https:\/\/et-musique.fr\/index.php\/wp-json\/wp\/v2\/types\/page"}],"author":[{"embeddable":true,"href":"https:\/\/et-musique.fr\/index.php\/wp-json\/wp\/v2\/users\/1"}],"replies":[{"embeddable":true,"href":"https:\/\/et-musique.fr\/index.php\/wp-json\/wp\/v2\/comments?post=102"}],"version-history":[{"count":1,"href":"https:\/\/et-musique.fr\/index.php\/wp-json\/wp\/v2\/pages\/102\/revisions"}],"predecessor-version":[{"id":103,"href":"https:\/\/et-musique.fr\/index.php\/wp-json\/wp\/v2\/pages\/102\/revisions\/103"}],"wp:attachment":[{"href":"https:\/\/et-musique.fr\/index.php\/wp-json\/wp\/v2\/media?parent=102"}],"curies":[{"name":"wp","href":"https:\/\/api.w.org\/{rel}","templated":true}]}}