{"id":130,"date":"2023-09-29T10:57:26","date_gmt":"2023-09-29T08:57:26","guid":{"rendered":"https:\/\/et-musique.fr\/?page_id=130"},"modified":"2023-09-29T10:57:26","modified_gmt":"2023-09-29T08:57:26","slug":"principe-sonore","status":"publish","type":"page","link":"https:\/\/et-musique.fr\/index.php\/laccordeon\/principe-sonore\/","title":{"rendered":"Principe sonore"},"content":{"rendered":"<p>\u00a0<\/p>\n<p>\u00a0<\/p>\n<p>\u00a0<\/p>\n<p style=\"text-align: justify;\"><span style=\"font-size: 14pt;\">L\u2019accord\u00e9on est un instrument \u00e0 clavier de la famille des vents. C\u2019est un instrument polyphonique c\u2019est-\u00e0-dire qu\u2019il peut \u00e9mettre plusieurs sons en m\u00eame temps.<\/span><\/p>\n<p style=\"text-align: center;\"><img loading=\"lazy\" decoding=\"async\" class=\"alignnone wp-image-157\" src=\"http:\/\/etmusique.free.fr\/wp-content\/uploads\/2018\/08\/explication-accord\u00e9on-300x157.jpg\" alt=\"\" width=\"537\" height=\"281\" \/><\/p>\n<p>\u00a0<\/p>\n<p><span style=\"font-size: 14pt;\">Son fonctionnement est similaire \u00e0 celui de l\u2019harmonica. Le son produit gr\u00e2ce au passage de l\u2019air dans des anches (lamelles de m\u00e9tal contenues \u00e0 l\u2019int\u00e9rieur de l\u2019instrument).<\/span><\/p>\n<p>\u00a0<\/p>\n<table style=\"width: 100%; border-collapse: collapse; border-color: #ffffff;\" border=\"1\">\n<tbody>\n<tr>\n<td style=\"width: 36.5854%; border-color: #ffffff;\"><img loading=\"lazy\" decoding=\"async\" class=\"size-medium wp-image-156 aligncenter\" src=\"http:\/\/etmusique.free.fr\/wp-content\/uploads\/2018\/08\/anche-300x184.jpg\" alt=\"\" width=\"300\" height=\"184\" \/><\/td>\n<td style=\"width: 63.4146%; border-color: #ffffff;\"><img loading=\"lazy\" decoding=\"async\" class=\"wp-image-158 aligncenter\" src=\"http:\/\/etmusique.free.fr\/wp-content\/uploads\/2018\/08\/Explication-anche-300x129.jpg\" alt=\"\" width=\"437\" height=\"188\" \/><\/td>\n<\/tr>\n<\/tbody>\n<\/table>\n<p>\u00a0<\/p>\n<p><span style=\"font-size: 14pt;\">Les anches sont dispos\u00e9es sur un sommier. L\u2019envoi d\u2019air est actionn\u00e9 par un grand soufflet. Il est command\u00e9 par deux claviers dispos\u00e9s de part et d\u2019autre de l\u2019instrument.<\/span><\/p>\n<p style=\"text-align: center;\"><img loading=\"lazy\" decoding=\"async\" class=\"alignnone wp-image-161\" src=\"http:\/\/etmusique.free.fr\/wp-content\/uploads\/2018\/08\/sommier-300x88.jpg\" alt=\"\" width=\"515\" height=\"151\" \/><\/p>\n<p style=\"text-align: center;\">un sommier<\/p>\n<p style=\"text-align: center;\"><img loading=\"lazy\" decoding=\"async\" class=\"alignnone wp-image-164\" src=\"http:\/\/etmusique.free.fr\/wp-content\/uploads\/2018\/08\/Sch\u00e9ma_dun_sommier_daccord\u00e9on.svg_-300x143.png\" alt=\"\" width=\"532\" height=\"254\" \/><\/p>\n<p style=\"text-align: center;\">Vue d&rsquo;un sommier<\/p>\n<p>\u00a0<\/p>\n<p style=\"text-align: center;\"><iframe loading=\"lazy\" src=\"\/\/www.youtube.com\/embed\/i3DUnCy4VsE\" width=\"560\" height=\"315\" frameborder=\"0\" allowfullscreen=\"allowfullscreen\"><\/iframe><\/p>\n<p>\u00a0<\/p>\n<p style=\"text-align: center;\"><img loading=\"lazy\" decoding=\"async\" class=\"alignnone wp-image-163\" src=\"http:\/\/etmusique.free.fr\/wp-content\/uploads\/2018\/08\/Sch\u00e9ma_du_m\u00e9canisme_main_droite_dun_accord\u00e9on.svg_-300x127.png\" alt=\"\" width=\"446\" height=\"189\" \/><\/p>\n<p style=\"text-align: center;\">le principe sonore<\/p>\n<p style=\"text-align: center;\"><iframe loading=\"lazy\" src=\"\/\/www.youtube.com\/embed\/ja_I8VY8vSo\" width=\"560\" height=\"315\" frameborder=\"0\" allowfullscreen=\"allowfullscreen\"><\/iframe><\/p>\n","protected":false},"excerpt":{"rendered":"<p>\u00a0 \u00a0 \u00a0 L\u2019accord\u00e9on est un instrument \u00e0 clavier de la famille des vents. C\u2019est un instrument polyphonique c\u2019est-\u00e0-dire qu\u2019il peut \u00e9mettre plusieurs sons en m\u00eame temps. \u00a0 Son fonctionnement est similaire \u00e0 celui de l\u2019harmonica. Le son produit gr\u00e2ce &hellip; <\/p>\n","protected":false},"author":1,"featured_media":0,"parent":126,"menu_order":0,"comment_status":"closed","ping_status":"closed","template":"","meta":{"footnotes":""},"class_list":["post-130","page","type-page","status-publish","hentry"],"_links":{"self":[{"href":"https:\/\/et-musique.fr\/index.php\/wp-json\/wp\/v2\/pages\/130","targetHints":{"allow":["GET"]}}],"collection":[{"href":"https:\/\/et-musique.fr\/index.php\/wp-json\/wp\/v2\/pages"}],"about":[{"href":"https:\/\/et-musique.fr\/index.php\/wp-json\/wp\/v2\/types\/page"}],"author":[{"embeddable":true,"href":"https:\/\/et-musique.fr\/index.php\/wp-json\/wp\/v2\/users\/1"}],"replies":[{"embeddable":true,"href":"https:\/\/et-musique.fr\/index.php\/wp-json\/wp\/v2\/comments?post=130"}],"version-history":[{"count":1,"href":"https:\/\/et-musique.fr\/index.php\/wp-json\/wp\/v2\/pages\/130\/revisions"}],"predecessor-version":[{"id":131,"href":"https:\/\/et-musique.fr\/index.php\/wp-json\/wp\/v2\/pages\/130\/revisions\/131"}],"up":[{"embeddable":true,"href":"https:\/\/et-musique.fr\/index.php\/wp-json\/wp\/v2\/pages\/126"}],"wp:attachment":[{"href":"https:\/\/et-musique.fr\/index.php\/wp-json\/wp\/v2\/media?parent=130"}],"curies":[{"name":"wp","href":"https:\/\/api.w.org\/{rel}","templated":true}]}}