{"id":132,"date":"2023-09-29T10:58:10","date_gmt":"2023-09-29T08:58:10","guid":{"rendered":"https:\/\/et-musique.fr\/?page_id=132"},"modified":"2023-09-29T10:58:10","modified_gmt":"2023-09-29T08:58:10","slug":"son-histoire","status":"publish","type":"page","link":"https:\/\/et-musique.fr\/index.php\/laccordeon\/son-histoire\/","title":{"rendered":"Son histoire"},"content":{"rendered":"<p>&nbsp;<\/p>\r\n<p>&nbsp;<\/p>\r\n<p>&nbsp;<\/p>\r\n<p><span style=\"font-size: 14pt;\">C\u2019est au XIX\u00e8me si\u00e8cle que le mot \u00ab&nbsp;accord\u00e9on&nbsp;\u00bb apparait de fa\u00e7on r\u00e9guli\u00e8re. En 1829, \u00e0 Vienne, l\u2019autrichien Cyrill Demian, facteur d\u2019orgue, invente \u00ab&nbsp;l\u2019accordion&nbsp;\u00bb, poss\u00e9dant un clavier \u00e0 5 touches&nbsp;<\/span><\/p>\r\n<p style=\"text-align: center;\"><img loading=\"lazy\" decoding=\"async\" class=\"alignnone size-medium wp-image-153\" src=\"http:\/\/etmusique.free.fr\/wp-content\/uploads\/2018\/08\/accordion-1829-300x184.jpg\" alt=\"\" width=\"300\" height=\"184\"><\/p>\r\n<p style=\"text-align: center;\">Accordion, 1829<\/p>\r\n<p style=\"text-align: justify;\"><span style=\"font-size: 14pt;\">Dans son brevet, Cyrill Demian d\u00e9crit&nbsp;:<\/span><\/p>\r\n<p style=\"text-align: justify;\"><span style=\"font-size: 14pt;\">\u00ab&nbsp;Il consiste essentiellement en une petite bo\u00eete sur laquelle sont fix\u00e9es des lamelles m\u00e9talliques, ainsi qu&rsquo;un soufflet, et ceci, de fa\u00e7on \u00e0 le manier facilement, et par l\u00e0 \u00eatre souhait\u00e9 par des voyageurs ou des personnes visitant le pays. Peuvent y \u00eatre interpr\u00e9t\u00e9es des marches, des chansons, m\u00eame par un ignorant en musique, apr\u00e8s un court apprentissage, de la fa\u00e7on la plus agr\u00e9able&nbsp;\u00bb.&nbsp;<\/span><\/p>\r\n<p style=\"text-align: justify;\"><span style=\"font-size: 14pt;\">L&rsquo;accord\u00e9on&nbsp; appara\u00eet&nbsp; en&nbsp; France&nbsp; d\u00e8s&nbsp; 1830. Deux&nbsp; tendances&nbsp; se&nbsp; manifest\u00e8rent :<\/span><\/p>\r\n<ul style=\"text-align: justify;\">\r\n<li><span style=\"font-size: 14pt;\">l&rsquo;une consid\u00e9rant l&rsquo;accord\u00e9on comme un instrument&nbsp; de&nbsp; divertissement&nbsp; du&nbsp; fait&nbsp; de&nbsp; son&nbsp; accessibilit\u00e9,<\/span><\/li>\r\n<li><span style=\"font-size: 14pt;\">l&rsquo;autre le prenant tr\u00e8s au s\u00e9rieux en l&rsquo;\u00e9tudiant comme un instrument de musique au sens noble du terme.<\/span><\/li>\r\n<\/ul>\r\n<p style=\"text-align: justify;\"><span style=\"font-size: 14pt;\">En 1931, les accords sont supprim\u00e9s, l\u2019instrument laisse entendre une note en \u00ab&nbsp;tirant&nbsp;\u00bb et une autre en \u00ab&nbsp;poussant&nbsp;\u00bb par le moyen du soufflet, il devient m\u00e9lodique.<\/span><\/p>\r\n<p><img loading=\"lazy\" decoding=\"async\" class=\"alignnone size-medium wp-image-149 aligncenter\" src=\"http:\/\/etmusique.free.fr\/wp-content\/uploads\/2018\/08\/accordeon-b-sonore-1835-300x239.jpg\" alt=\"\" width=\"300\" height=\"239\"><\/p>\r\n<p style=\"text-align: center;\">Accord\u00e9on bi-sonore, 1835<\/p>\r\n<p>&nbsp;<\/p>\r\n<p><img loading=\"lazy\" decoding=\"async\" class=\"alignnone wp-image-155 aligncenter\" src=\"http:\/\/etmusique.free.fr\/wp-content\/uploads\/2018\/08\/anche-metallique-300x111.jpg\" alt=\"\" width=\"403\" height=\"149\"><\/p>\r\n<p>&nbsp;<\/p>\r\n<p><span style=\"font-size: 14pt;\">En 1850, les fabricants d\u00e9veloppent un clavier pour la main gauche dit d&rsquo;\u00ab&nbsp;accompagnement&nbsp;\u00bb.<\/span><\/p>\r\n<p style=\"text-align: center;\"><img loading=\"lazy\" decoding=\"async\" class=\"alignnone size-medium wp-image-152\" src=\"http:\/\/etmusique.free.fr\/wp-content\/uploads\/2018\/08\/accord\u00e9on-diatonique-1920-300x266.jpg\" alt=\"\" width=\"300\" height=\"266\"><\/p>\r\n<p style=\"text-align: center;\">Accord\u00e9on diatonique, 1920<\/p>\r\n<p>&nbsp;<\/p>\r\n<p style=\"text-align: justify;\"><span style=\"font-size: 14pt;\">L&rsquo;absence de r\u00e9pertoire pousse les accord\u00e9onistes \u00e0 faire des arrangements d&rsquo;airs c\u00e9l\u00e8bres. Ce r\u00e9pertoire de transcription s&rsquo;est largement d\u00e9velopp\u00e9 dans le courant du XIX\u00e8me si\u00e8cle et au d\u00e9but du XX\u00e8me si\u00e8cle.<\/span><\/p>\r\n<p>&nbsp;<\/p>\r\n<p style=\"text-align: justify;\"><span style=\"font-size: 14pt;\">L\u2019accord\u00e9on va \u00e9voluer au d\u00e9but du XX\u00e8me si\u00e8cle&nbsp;: syst\u00e8me uni-sonore, d\u00e9veloppement du clavier main gauche. Il deviendra l&rsquo;instrument de musique id\u00e9al pour les musiques traditionnelles et en particulier le \u00ab&nbsp;Musette&nbsp;\u00bb. Sur l&rsquo;accord\u00e9on traditionnel \u00e0 \u00ab&nbsp;basses standards&nbsp;\u00bb, le clavier gauche assure le r\u00f4le d&rsquo;accompagnement&nbsp; du chant m\u00e9lodique de la main droite, caract\u00e9ris\u00e9e par le timbre \u00ab&nbsp;musette&nbsp;\u00bb (registre \u00e0 battements).<\/span><\/p>\r\n<p><img loading=\"lazy\" decoding=\"async\" class=\"alignnone size-medium wp-image-150 aligncenter\" src=\"http:\/\/etmusique.free.fr\/wp-content\/uploads\/2018\/08\/accord\u00e9on-BS-300x233.jpg\" alt=\"\" width=\"300\" height=\"233\"><\/p>\r\n<p style=\"text-align: center;\">Accord\u00e9on \u00ab&nbsp;\u00e0 basses standards&nbsp;\u00bb<\/p>\r\n<p>&nbsp;<\/p>\r\n<p style=\"text-align: justify;\"><span style=\"font-size: 14pt;\">En 1948, en r\u00e9ponse \u00e0 l&rsquo;attente des accord\u00e9onistes voulant aborder tous les&nbsp; styles&nbsp; d&rsquo;\u00e9criture,&nbsp; les fabricants ont dot\u00e9 l&rsquo;instrument d&rsquo;un second clavier (main gauche) identique au premier : c&rsquo;est la naissance de l&rsquo;harmon\u00e9on et de l&rsquo;accord\u00e9on \u00e0 \u00ab&nbsp;basses chromatiques.&nbsp;\u00bb<\/span><\/p>\r\n<p><img loading=\"lazy\" decoding=\"async\" class=\"alignnone size-medium wp-image-159 aligncenter\" src=\"http:\/\/etmusique.free.fr\/wp-content\/uploads\/2018\/08\/harmoneon-300x266.jpg\" alt=\"\" width=\"300\" height=\"266\"><\/p>\r\n<p style=\"text-align: center;\">Harmon\u00e9on, 1948<\/p>\r\n<p>&nbsp;<\/p>\r\n<p style=\"text-align: justify;\"><span style=\"font-size: 14pt;\">Avec l\u2019\u00e9volution de la facture de l&rsquo;accord\u00e9on, notamment avec l&rsquo;apparition des basses chromatiques, les transcriptions, litt\u00e9rature pr\u00e9existante et accessible (orgue et piano), deviennent plus courantes. Les accord\u00e9onistes trouvent mati\u00e8re dans les ouvertures d&rsquo;op\u00e9ras&nbsp; (Rossini, Supp\u00e9). Les possibilit\u00e9s polyphoniques de l&rsquo;accord\u00e9on ne pouvaient esp\u00e9rer meilleur terrain d&rsquo;interpr\u00e9tation que dans la musique pour orgue. De Jean S\u00e9bastien Bach \u00e0 C\u00e9sar Franck, les Toccatas, les Pr\u00e9ludes et Fugues et Chorals donn\u00e8rent lieu \u00e0 de&nbsp; nombreuses transcriptions et justifi\u00e8rent pleinement le qualificatif de \u00ab&nbsp;petit orgue portatif&nbsp;\u00bb attribu\u00e9 \u00e0 l&rsquo;accord\u00e9on.<\/span><\/p>\r\n<p>&nbsp;<\/p>\r\n<p><span style=\"font-size: 14pt;\">L\u2019\u00e9volution de la facture de l&rsquo;accord\u00e9on de concert a consist\u00e9 dans&nbsp;:<\/span><\/p>\r\n<ul>\r\n<li><span style=\"font-size: 14pt;\">l&rsquo;extension des possibilit\u00e9s de ce clavier gauche (basses chromatiques&nbsp;: un syst\u00e8me m\u00e9canique transforme les accords compos\u00e9s en clavier m\u00e9lodique.)<\/span><\/li>\r\n<li><span style=\"font-size: 14pt;\">la recherche de timbres nouveaux au clavier droit (registres). Les facteurs ont d&rsquo;abord greff\u00e9 puis int\u00e9gr\u00e9 au&nbsp; clavier&nbsp; d&rsquo;accompagnement les possibilit\u00e9s de jeux du clavier droit.<\/span><\/li>\r\n<\/ul>\r\n<p style=\"text-align: center;\"><img loading=\"lazy\" decoding=\"async\" class=\"alignnone size-medium wp-image-151\" src=\"http:\/\/etmusique.free.fr\/wp-content\/uploads\/2018\/08\/accord\u00e9on-de-concert-300x250.jpg\" alt=\"\" width=\"300\" height=\"250\"><\/p>\r\n<p style=\"text-align: center;\">L\u2019accord\u00e9on de concert<\/p>\r\n<p>&nbsp;<\/p>\r\n<p><span style=\"font-size: 14pt;\">C&rsquo;est le mod\u00e8le actuellement le plus r\u00e9pandu dans les \u00e9coles de musique.<\/span><\/p>\r\n\r\n\r\n<figure><iframe loading=\"lazy\" src=\"https:\/\/player.vimeo.com\/video\/143865365\" allowfullscreen=\"\" width=\"640\" height=\"360\"><\/iframe><\/figure>\r\n\r\n\r\n\r\n<p><a href=\"https:\/\/vimeo.com\/143865365\">L<\/a><\/p>\r\n","protected":false},"excerpt":{"rendered":"<p>&nbsp; &nbsp; &nbsp; C\u2019est au XIX\u00e8me si\u00e8cle que le mot \u00ab&nbsp;accord\u00e9on&nbsp;\u00bb apparait de fa\u00e7on r\u00e9guli\u00e8re. En 1829, \u00e0 Vienne, l\u2019autrichien Cyrill Demian, facteur d\u2019orgue, invente \u00ab&nbsp;l\u2019accordion&nbsp;\u00bb, poss\u00e9dant un clavier \u00e0 5 touches&nbsp; Accordion, 1829 Dans son brevet, Cyrill Demian d\u00e9crit&nbsp;: &hellip; <\/p>\n","protected":false},"author":1,"featured_media":0,"parent":126,"menu_order":0,"comment_status":"closed","ping_status":"closed","template":"","meta":{"footnotes":""},"class_list":["post-132","page","type-page","status-publish","hentry"],"_links":{"self":[{"href":"https:\/\/et-musique.fr\/index.php\/wp-json\/wp\/v2\/pages\/132","targetHints":{"allow":["GET"]}}],"collection":[{"href":"https:\/\/et-musique.fr\/index.php\/wp-json\/wp\/v2\/pages"}],"about":[{"href":"https:\/\/et-musique.fr\/index.php\/wp-json\/wp\/v2\/types\/page"}],"author":[{"embeddable":true,"href":"https:\/\/et-musique.fr\/index.php\/wp-json\/wp\/v2\/users\/1"}],"replies":[{"embeddable":true,"href":"https:\/\/et-musique.fr\/index.php\/wp-json\/wp\/v2\/comments?post=132"}],"version-history":[{"count":1,"href":"https:\/\/et-musique.fr\/index.php\/wp-json\/wp\/v2\/pages\/132\/revisions"}],"predecessor-version":[{"id":133,"href":"https:\/\/et-musique.fr\/index.php\/wp-json\/wp\/v2\/pages\/132\/revisions\/133"}],"up":[{"embeddable":true,"href":"https:\/\/et-musique.fr\/index.php\/wp-json\/wp\/v2\/pages\/126"}],"wp:attachment":[{"href":"https:\/\/et-musique.fr\/index.php\/wp-json\/wp\/v2\/media?parent=132"}],"curies":[{"name":"wp","href":"https:\/\/api.w.org\/{rel}","templated":true}]}}