{"id":1329,"date":"2025-10-15T15:29:39","date_gmt":"2025-10-15T13:29:39","guid":{"rendered":"https:\/\/et-musique.fr\/?page_id=1329"},"modified":"2025-10-15T15:51:29","modified_gmt":"2025-10-15T13:51:29","slug":"les-tonalites","status":"publish","type":"page","link":"https:\/\/et-musique.fr\/index.php\/je-mentraine-2\/la-theorie\/les-tonalites\/","title":{"rendered":"Les tonalit\u00e9s"},"content":{"rendered":"<h1>Les tonalit\u00e9s Majeures<\/h1>\n<p><iframe style=\"border: 0px; width: 100%; height: 500px;\" src=\"https:\/\/learningapps.org\/watch?app=21328662\" allowfullscreen=\"allowfullscreen\"><\/iframe><\/p>\n<p><iframe style=\"border: 0px; width: 100%; height: 500px;\" src=\"https:\/\/learningapps.org\/watch?app=9685279\" allowfullscreen=\"allowfullscreen\"><\/iframe><\/p>\n<h1>Les tonalit\u00e9s mineures<\/h1>\n<p>&nbsp;<\/p>\n<h1>Les Tonalit\u00e9s et leur relative<\/h1>\n<p><iframe style=\"border: 0px; width: 100%; height: 500px;\" src=\"https:\/\/learningapps.org\/watch?app=3785484\" allowfullscreen=\"allowfullscreen\"><\/iframe><\/p>\n<p>&nbsp;<\/p>\n<p><iframe style=\"border: 0px; width: 100%; height: 500px;\" src=\"https:\/\/learningapps.org\/watch?app=11269545\" allowfullscreen=\"allowfullscreen\"><\/iframe><\/p>\n","protected":false},"excerpt":{"rendered":"<p>Les tonalit\u00e9s Majeures Les tonalit\u00e9s mineures &nbsp; Les Tonalit\u00e9s et leur relative &nbsp;<\/p>\n","protected":false},"author":1,"featured_media":0,"parent":1341,"menu_order":0,"comment_status":"closed","ping_status":"closed","template":"","meta":{"footnotes":""},"class_list":["post-1329","page","type-page","status-publish","hentry"],"_links":{"self":[{"href":"https:\/\/et-musique.fr\/index.php\/wp-json\/wp\/v2\/pages\/1329","targetHints":{"allow":["GET"]}}],"collection":[{"href":"https:\/\/et-musique.fr\/index.php\/wp-json\/wp\/v2\/pages"}],"about":[{"href":"https:\/\/et-musique.fr\/index.php\/wp-json\/wp\/v2\/types\/page"}],"author":[{"embeddable":true,"href":"https:\/\/et-musique.fr\/index.php\/wp-json\/wp\/v2\/users\/1"}],"replies":[{"embeddable":true,"href":"https:\/\/et-musique.fr\/index.php\/wp-json\/wp\/v2\/comments?post=1329"}],"version-history":[{"count":8,"href":"https:\/\/et-musique.fr\/index.php\/wp-json\/wp\/v2\/pages\/1329\/revisions"}],"predecessor-version":[{"id":1338,"href":"https:\/\/et-musique.fr\/index.php\/wp-json\/wp\/v2\/pages\/1329\/revisions\/1338"}],"up":[{"embeddable":true,"href":"https:\/\/et-musique.fr\/index.php\/wp-json\/wp\/v2\/pages\/1341"}],"wp:attachment":[{"href":"https:\/\/et-musique.fr\/index.php\/wp-json\/wp\/v2\/media?parent=1329"}],"curies":[{"name":"wp","href":"https:\/\/api.w.org\/{rel}","templated":true}]}}