{"id":1349,"date":"2025-12-11T21:28:43","date_gmt":"2025-12-11T20:28:43","guid":{"rendered":"https:\/\/et-musique.fr\/?page_id=1349"},"modified":"2025-12-11T21:57:32","modified_gmt":"2025-12-11T20:57:32","slug":"releve-n-2-croches","status":"publish","type":"page","link":"https:\/\/et-musique.fr\/index.php\/je-mentraine-2\/releve-de-rythmes\/releve-n-2-croches\/","title":{"rendered":"Relev\u00e9 n\u00b0 2 : croches"},"content":{"rendered":"<p style=\"text-align: center;\"><span style=\"font-family: trebuchet ms, geneva, sans-serif;\">Pr\u00e9pare une feuille avec un crayon et une gomme.<\/span><\/p>\n<p style=\"text-align: center;\"><span style=\"font-family: trebuchet ms, geneva, sans-serif;\">Puis \u00e9coute le relev\u00e9 de rythmes, \u00e9cris le sur ta feuille.<\/span><\/p>\n<p style=\"text-align: center;\"><span style=\"font-family: trebuchet ms, geneva, sans-serif;\">Lorsque tu as fini, clique sur le bouton retourner, tu auras la r\u00e9ponse<\/span><\/p>\n<div style=\"width: 100%;\">\n<div style=\"position: relative; padding-bottom: 56.25%; padding-top: 0; height: 0;\"><iframe loading=\"lazy\" style=\"position: absolute; top: 0; left: 0; width: 100%; height: 100%;\" title=\"Relev\u00e9 de RYTHMES n\u00b02\" src=\"https:\/\/view.genially.com\/689f06a4e8eb55bb887e49a3\" width=\"1200\" height=\"675\" frameborder=\"0\" scrolling=\"yes\" allowfullscreen=\"allowfullscreen\" data-mce-fragment=\"1\"><\/iframe><\/div>\n<\/div>\n","protected":false},"excerpt":{"rendered":"<p>Pr\u00e9pare une feuille avec un crayon et une gomme. Puis \u00e9coute le relev\u00e9 de rythmes, \u00e9cris le sur ta feuille. Lorsque tu as fini, clique sur le bouton retourner, tu auras la r\u00e9ponse<\/p>\n","protected":false},"author":1,"featured_media":0,"parent":1268,"menu_order":0,"comment_status":"closed","ping_status":"closed","template":"","meta":{"footnotes":""},"class_list":["post-1349","page","type-page","status-publish","hentry"],"_links":{"self":[{"href":"https:\/\/et-musique.fr\/index.php\/wp-json\/wp\/v2\/pages\/1349","targetHints":{"allow":["GET"]}}],"collection":[{"href":"https:\/\/et-musique.fr\/index.php\/wp-json\/wp\/v2\/pages"}],"about":[{"href":"https:\/\/et-musique.fr\/index.php\/wp-json\/wp\/v2\/types\/page"}],"author":[{"embeddable":true,"href":"https:\/\/et-musique.fr\/index.php\/wp-json\/wp\/v2\/users\/1"}],"replies":[{"embeddable":true,"href":"https:\/\/et-musique.fr\/index.php\/wp-json\/wp\/v2\/comments?post=1349"}],"version-history":[{"count":3,"href":"https:\/\/et-musique.fr\/index.php\/wp-json\/wp\/v2\/pages\/1349\/revisions"}],"predecessor-version":[{"id":1359,"href":"https:\/\/et-musique.fr\/index.php\/wp-json\/wp\/v2\/pages\/1349\/revisions\/1359"}],"up":[{"embeddable":true,"href":"https:\/\/et-musique.fr\/index.php\/wp-json\/wp\/v2\/pages\/1268"}],"wp:attachment":[{"href":"https:\/\/et-musique.fr\/index.php\/wp-json\/wp\/v2\/media?parent=1349"}],"curies":[{"name":"wp","href":"https:\/\/api.w.org\/{rel}","templated":true}]}}