{"id":142,"date":"2023-09-29T11:03:15","date_gmt":"2023-09-29T09:03:15","guid":{"rendered":"https:\/\/et-musique.fr\/?page_id=142"},"modified":"2023-09-29T11:03:15","modified_gmt":"2023-09-29T09:03:15","slug":"sentrainer-a-la-lecture-de-notes","status":"publish","type":"page","link":"https:\/\/et-musique.fr\/index.php\/jeux\/sentrainer-a-la-lecture-de-notes\/","title":{"rendered":"S&rsquo;entra\u00eener \u00e0 la lecture de notes"},"content":{"rendered":"<p><strong><span style=\"font-size: 18pt;\">1. Solfego (Lecture de notes sur internet)<\/span><br \/>\n<\/strong><\/p>\n<div class=\"article_text\">\n<p><span style=\"font-size: 14pt;\">Ce jeu se joue en ligne. Vous pouvez choisir la cl\u00e9, le niveau de difficult\u00e9 ainsi que la vitesse. En cliquant sur l&rsquo;image, vous \u00eates dirig\u00e9s automatiquement vers le site.<\/span><\/p>\n<p><a href=\"http:\/\/www.solfego.fr\/lecture-de-notes.htm#\"><img decoding=\"async\" class=\"aligncenter\" src=\"http:\/\/ekladata.com\/vmXUAP865RuJoXYRHexA9HSEL3E@500x339.png\" alt=\"\" \/><\/a><\/p>\n<\/div>\n<p><span style=\"font-size: 14pt;\"><strong><span style=\"font-size: 18pt;\">2. https:\/\/lire-les-notes.com (Lecture de notes sur internet)<\/span><br \/>\n<\/strong><\/span><\/p>\n<p style=\"text-align: justify;\"><span style=\"font-size: 14pt;\"><strong>Lire les notes<\/strong> : L&rsquo;exercice suivant affiche al\u00e9atoirement 5 notes de la clef de sol. A vous de les reconna\u00eetre en cliquant sur le bouton correspondant. Si vous \u00e9chouez, le jeu attendra que vous trouviez la bonne note avant de passer \u00e0 la suivante. Cet exercice doit vous permettre d&rsquo;anticiper la reconnaissance de notes les une \u00e0 la suite des autres dans la lecture d&rsquo;une port\u00e9e. Les d\u00e9butants peuvent commencer avec le jeu de la cl\u00e9 de sol o\u00f9 vous n&rsquo;aurez qu&rsquo;une seule note \u00e0 reconna\u00eetre \u00e0 chaque fois. l&rsquo;exercice existe \u00e9galement en cl\u00e9 de fa, cl\u00e9 ut 3 et cl\u00e9 ut 4. Jeu en ligne, les liens en fonction des cl\u00e9s sont ci-dessous :<\/span><\/p>\n<p style=\"text-align: justify;\"><span style=\"font-size: 14pt;\">Cliquez sur une des images, vous serez dirig\u00e9 automatiquement vers la site<\/span><\/p>\n<p><a href=\"http:\/\/www.lire-les-notes.com\/solfege-clef-de-sol.html\" target=\"_blank\" rel=\"noopener\"><img decoding=\"async\" src=\"http:\/\/ekladata.com\/aVaFPCahPwEtrVUjs5Fv6u063EE@250x145.png\" alt=\"Lecture de notes sur internet 1\" \/><\/a> \u00a0 \u00a0 \u00a0\u00a0 \u00a0\u00a0\u00a0\u00a0\u00a0\u00a0\u00a0 <a href=\"http:\/\/www.lire-les-notes.com\/solfege-clef-de-fa.html\" target=\"_blank\" rel=\"noopener\"><img decoding=\"async\" src=\"http:\/\/ekladata.com\/gDGcDazon5_gEULeTqeU_nLaz50@250x144.png\" alt=\"Lecture de notes sur internet 1\" \/><\/a><\/p>\n<p><a href=\"http:\/\/www.lire-les-notes.com\/clef-de-ut.html\" target=\"_blank\" rel=\"noopener\"><img decoding=\"async\" src=\"http:\/\/ekladata.com\/vIW4n5_Kbvel8ZhrY82Q1qRdHiQ@250x140.png\" alt=\"Lecture de notes sur internet 1\" \/><\/a>\u00a0\u00a0\u00a0\u00a0\u00a0\u00a0\u00a0\u00a0\u00a0\u00a0\u00a0\u00a0\u00a0\u00a0\u00a0\u00a0\u00a0\u00a0\u00a0 <a href=\"http:\/\/www.lire-les-notes.com\/clef-de-ut-4.html\" target=\"_blank\" rel=\"noopener\"><img decoding=\"async\" src=\"http:\/\/ekladata.com\/qPrQEUJzX0ubkw9vUJdaXhgsc0Q@250x142.png\" alt=\"Lecture de notes sur internet 1\" \/><\/a><\/p>\n<p><span style=\"font-size: 14pt;\"><strong><span style=\"font-size: 18pt;\">3. Tetronimo (logiciel gratuit)<\/span><br \/>\n<\/strong><\/span><\/p>\n<div class=\"article_text\">\n<p style=\"text-align: justify;\"><span style=\"font-size: 14pt;\">T\u00e9tronimo permet d\u2019apprendre \u00e0 lire la cl\u00e9 de Sol, les cl\u00e9s de Fa 3<sup>e<\/sup> et 4<sup>e<\/sup> ligne, les cl\u00e9s d&rsquo;Ut 1<sup>re<\/sup>, 2<sup>e<\/sup>, 3<sup>e<\/sup> et 4<sup>e<\/sup> ligne. Le principe des jeux est le m\u00eame que celui de Mini T\u00e9tronimo\u00a0: une note se d\u00e9place du haut vers le bas. Vous devez la faire tomber dans la case qui correspond \u00e0 son nom en utilisant les touches du clavier.<\/span><\/p>\n<p style=\"text-align: justify;\"><span style=\"font-size: 14pt;\">La page d\u2019accueil comporte 4 sections\u00a0:<\/span><\/p>\n<p style=\"text-align: justify;\"><span style=\"font-size: 14pt;\">La premi\u00e8re section permet \u00e0 1 joueur de se familiariser avec le jeu.<strong><br \/>\n<\/strong>La deuxi\u00e8me section permet \u00e0 2 joueurs de s\u2019affronter.<strong><br \/>\n<\/strong>La troisi\u00e8me section permet \u00e0 un joueur d\u2019essayer d\u2019obtenir le score le plus \u00e9lev\u00e9 (les 1000 meilleurs scores sont sauvegard\u00e9s).<strong><br \/>\n<\/strong>La derni\u00e8re section donne acc\u00e8s aux diff\u00e9rentes options du programme<\/span><\/p>\n<p style=\"text-align: justify;\"><span style=\"font-size: 14pt;\">Il est possible de param\u00e9trer les jeux :<\/span><\/p>\n<p style=\"text-align: justify;\"><span style=\"font-size: 14pt;\">&#8211; 6 vitesses de d\u00e9placement de la note.<\/span><br \/>\n<span style=\"font-size: 14pt;\">&#8211; 3 niveaux de difficult\u00e9 par cl\u00e9.<\/span><br \/>\n<span style=\"font-size: 14pt;\">&#8211; Possibilit\u00e9 de lire 1, 2, 3, 4, 5, 6 ou 7 cl\u00e9s en m\u00eame temps<\/span><br \/>\n<span style=\"font-size: 14pt;\">&#8211; Possibilit\u00e9 d&rsquo;activer ou de d\u00e9sactiver les bruitages.<\/span><br \/>\n<span style=\"font-size: 14pt;\">&#8211; Possibilit\u00e9 de choisir le temps de jeu (de 10 secondes \u00e0 10 minutes)<\/span><\/p>\n<p><a href=\"http:\/\/www.metronimo.com\/fr\/logiciels\/index.php?page=tetronimo\" target=\"_blank\" rel=\"noopener\"><img decoding=\"async\" src=\"http:\/\/ekladata.com\/s46_jBAAHlFMqCVSqMjSsil1IXw@250x190.png\" alt=\"Logiciel t\u00e9tronimo\" \/><\/a><\/p>\n<\/div>\n<p><span style=\"font-size: 18pt;\"><strong>4. Metronimo Solf\u00e8ge (logiciel gratuit)<\/strong><\/span><\/p>\n<div class=\"article_text\">\n<div class=\"article_text\">\n<p><span style=\"font-size: 14pt;\"><strong>M\u00e9<\/strong>tronimo Solf\u00e8ge, version 2.0, permet d&rsquo;apprendre \u00e0 lire les notes de la cl\u00e9 de sol et de la cl\u00e9 de fa, de conna\u00eetre le nom des signes de notation, et de reconna\u00eetre le nom des tonalit\u00e9s.<\/span><\/p>\n<p><span style=\"font-size: 14pt;\"><strong>La cl\u00e9 de sol.<\/strong><\/span><\/p>\n<p><span style=\"font-size: 14pt;\"><img loading=\"lazy\" decoding=\"async\" src=\"http:\/\/www.metronimo.com\/fr\/logiciels\/img\/solfege\/fantome.jpg\" alt=\"\" width=\"123\" height=\"109\" align=\"left\" border=\"1\" \/>Dans ce jeu, les notes sont repr\u00e9sent\u00e9es par les fant\u00f4mes du jeu Pacman.<\/span><\/p>\n<p><span style=\"font-size: 14pt;\">4 niveaux sont disponibles pour travailler la cl\u00e9 de sol.<\/span><br \/>\n<span style=\"font-size: 14pt;\">&#8211; Le premier niveau est consacr\u00e9 \u00e0 la m\u00e9morisation des points de rep\u00e8re <strong>Do<\/strong>\u00a0 et <strong>Sol<\/strong>. Les notes (fant\u00f4mes) sont en rouge.<\/span><br \/>\n<span style=\"font-size: 14pt;\">&#8211; Dans le second niveau, les autres notes de couleur noire sont ajout\u00e9es aux points de rep\u00e8re Do et sol (toujours en rouge). Les notes apparaissent conjointement.<\/span><br \/>\n<span style=\"font-size: 14pt;\">&#8211; Dans le troisi\u00e8me niveau, il n&rsquo;y a plus de points de rep\u00e8re. Toutes les notes sont noires et n&rsquo;apparaissent plus conjointement.<\/span><br \/>\n<span style=\"font-size: 14pt;\">&#8211; Dans le quatri\u00e8me niveau, une note se d\u00e9place de droite \u00e0 gauche. vous devez trouver son nom avant qu&rsquo;elle ne soit d\u00e9vor\u00e9e par un Pacman.<\/span><\/p>\n<p><span style=\"font-size: 14pt;\">Pour les niveaux 1,2 et 3, vous devez faire le score le plus \u00e9lev\u00e9 en moins d&rsquo;une minute. A chaque bonne r\u00e9ponse, vous gagnez 10 point. A chaque mauvaise r\u00e9ponse, vous perdez 3 points.<\/span><\/p>\n<p><span style=\"font-size: 14pt;\"><strong><img loading=\"lazy\" decoding=\"async\" src=\"http:\/\/www.metronimo.com\/fr\/logiciels\/img\/solfege\/cle_de_fa.jpg\" alt=\"\" width=\"300\" height=\"252\" align=\"right\" border=\"0\" \/><\/strong>Lors de la premi\u00e8re utilisation, seul le niveau 1 est activ\u00e9. Pour activ\u00e9 les niveaux suivants, vous devez obtenir 200 points en moins d&rsquo;une minute dans les niveaux pr\u00e9c\u00e9dents.<\/span><\/p>\n<p><span style=\"font-size: 14pt;\">Dans le quatri\u00e8me niveau, il n&rsquo;y a pas de limite de temps. Vous \u00eates limit\u00e9 \u00e0 3 vies. Si vous faites une erreur vous perdez une vie. Si Pacman mange le fant\u00f4me avant que vous ayez pu r\u00e9pondre, vous perdez une vie. A la quatri\u00e8me erreur, le jeu s&rsquo;arr\u00eate. Votre score sera sauvegard\u00e9 s&rsquo;il est le plus \u00e9lev\u00e9. Au d\u00e9but du jeu, la vitesse de Pacman et du fant\u00f4me est lente. Elle s&rsquo;acc\u00e9l\u00e8re toutes les 30 secondes.<\/span><\/p>\n<p><span style=\"font-size: 14pt;\"><strong>La cl\u00e9 de fa.<\/strong><\/span><\/p>\n<p><span style=\"font-size: 14pt;\">Les niveaux sont les m\u00eames que ceux de la cl\u00e9 de sol. La seule diff\u00e9rence provient des points de rep\u00e8re. Pour la cl\u00e9 de fa, les points de rep\u00e8re sont <strong>Do<\/strong> et <strong>Fa<\/strong>.<\/span><\/p>\n<p><span style=\"font-size: 14pt;\"><strong>Cl\u00e9 de sol et cl\u00e9 de fa<\/strong><\/span><\/p>\n<p><span style=\"font-size: 14pt;\">&#8211; Dans le premier niveau, les notes sont statiques. A chaque bonne r\u00e9ponse, vous gagnez 10 point. A chaque mauvaise r\u00e9ponse, vous perdez 3 points. Vous devez obtenir 200 points en moins d&rsquo;une minute pour activer le niveau 2.<\/span><br \/>\n<span style=\"font-size: 14pt;\">&#8211; Le deuxi\u00e8me niveau est le jeu avec Pacman. Il est identique au niveau 4 de la cl\u00e9 de sol ou de la cl\u00e9 de fa.<\/span><\/p>\n<p><span style=\"font-size: 14pt;\"><strong><img loading=\"lazy\" decoding=\"async\" src=\"http:\/\/www.metronimo.com\/fr\/logiciels\/img\/solfege\/armures.jpg\" alt=\"\" width=\"300\" height=\"215\" align=\"right\" border=\"0\" \/>Les armures<\/strong><\/span><\/p>\n<p><span style=\"font-size: 14pt;\">L&rsquo;objectif du jeu est de trouver toutes les tonalit\u00e9s le plus rapidement possible. 3 jeux sont possibles :<\/span><br \/>\n<span style=\"font-size: 14pt;\">&#8211; Les tonalit\u00e9s majeures.<\/span><br \/>\n<span style=\"font-size: 14pt;\">&#8211; Les tonalit\u00e9s mineures.<\/span><br \/>\n<span style=\"font-size: 14pt;\">&#8211; Les tonalit\u00e9s majeures et mineures.<\/span><\/p>\n<p><span style=\"font-size: 14pt;\">le jeu consiste \u00e0 d\u00e9placer le nom de la tonalit\u00e9 (par exemple <em>Fa majeur<\/em>) sur l&rsquo;image qui lui correspond (dans l&rsquo;exemple de <em>fa majeur<\/em>, la r\u00e9ponse\u00a0 est la port\u00e9e avec 1 b\u00e9mol \u00e0 la cl\u00e9). Si vous faites une erreur, le nom de la tonalit\u00e9 revient sur son emplacement initial. Si vous r\u00e9pondez correctement, Le nom de la tonalit\u00e9 et la port\u00e9e disparaissent. Le jeu se termine lorsque toutes les tonalit\u00e9s ont \u00e9t\u00e9 trouv\u00e9es.<\/span><\/p>\n<p><span style=\"font-size: 14pt;\"><strong><img loading=\"lazy\" decoding=\"async\" src=\"http:\/\/www.metronimo.com\/fr\/logiciels\/img\/solfege\/signes.jpg\" alt=\"\" width=\"300\" height=\"212\" align=\"right\" border=\"0\" \/>Les signes de notations<\/strong><\/span><\/p>\n<p><span style=\"font-size: 14pt;\">Le jeu est identique \u00e0 celui des armures : vous devez d\u00e9placer le nom d&rsquo;un signe de notation sur l&rsquo;image correspondante.<\/span><\/p>\n<p><span style=\"font-size: 14pt;\">5 jeux sont disponibles :<\/span><\/p>\n<p><span style=\"font-size: 14pt;\">&#8211; Les figures de notes (la ronde, la blanche, la noire, la croche, etc&#8230;).<\/span><br \/>\n<span style=\"font-size: 14pt;\">&#8211; Les figures de silences (la pause, la demi pause, le soupir, etc&#8230;)<\/span><br \/>\n<span style=\"font-size: 14pt;\">&#8211; Les alt\u00e9rations (le b\u00e9carre, le di\u00e8se, le b\u00e9mol, le double b\u00e9mol, le double di\u00e8se)<\/span><br \/>\n<span style=\"font-size: 14pt;\">&#8211; Les cl\u00e9s, la port\u00e9e, la liaison et le triolet.<\/span><br \/>\n<span style=\"font-size: 14pt;\">&#8211; Tous les signes de notation.<\/span><\/p>\n<p><span style=\"font-size: 14pt;\">T\u00e9l\u00e9chargeable sur\u00a0<a href=\"http:\/\/www.metronimo.com\/fr\/logiciels\/index.php?page=solfege\">http:\/\/www.metronimo.com\/fr\/logiciels\/index.php?page=solfege<\/a><\/span><\/p>\n<\/div>\n<\/div>\n<p><span style=\"font-size: 18pt;\"><strong>5. Ballonimo (application andro\u00efd et Pc)<\/strong><\/span><\/p>\n<p style=\"text-align: justify;\"><span style=\"font-size: 14pt;\"><em>Ballonimo<\/em> est un jeu musical permettant d\u2019apprendre \u00e0 lire la cl\u00e9 de sol. Il fonctionne sur PC avec les syst\u00e8mes Windows ainsi que sur les mobiles ayant le syst\u00e8me d&rsquo;exploitation Android. La note \u00e0 trouver est plac\u00e9e sur un nuage, le nom des notes\u00a0 sur des ballons. Pour r\u00e9pondre, appuyez sur le ballon correspondant \u00e0 la note. Si vous r\u00e9pondez correctement, une nouvelle note est affich\u00e9e. Vous gagnez alors 10 points. Si vous faites une erreur, le ballon correspondant \u00e0 la note \u00e9clate, vous perdez alors 3 points. Le jeu se termine si vous faites plus de 3 erreurs ou si le temps du jeu (60 secondes) est \u00e9coul\u00e9.<\/span><\/p>\n<p style=\"text-align: justify;\"><span style=\"font-size: 14pt;\">Ce programme contient 6 niveaux. Si vous l\u2019utilisez pour la premi\u00e8re fois, vous avez uniquement acc\u00e8s au premier niveau. Pour activer les niveaux suivants, vous devez obtenir un score sup\u00e9rieur ou \u00e9gal \u00e0 200. Chaque niveau sauvegarde votre meilleur score.<\/span><\/p>\n<p style=\"text-align: justify;\"><span style=\"font-size: 14pt;\">Au d\u00e9but du programme, vous avez la possibilit\u00e9 de choisir l&rsquo;anglais ou le fran\u00e7ais. Si vous choisissez l&rsquo;anglais, les notes seront A, B, C, D, E, F, G. si vous choisissez le fran\u00e7ais, les notes seront Do, R\u00e9, Mi, Fa, Sol, La, Si.<\/span><\/p>\n<p style=\"text-align: justify;\"><strong><span style=\"font-size: 14pt;\">\u00a0 <a href=\"http:\/\/www.metronimo.com\/fr\/logiciels\/index.php?page=ballonimo\" target=\"_blank\" rel=\"noopener\">Cliquez ici pour <em>\u00eatre dirig\u00e9 vers le site<\/em><\/a><\/span><br \/>\n<\/strong><\/p>\n<p><strong>Captures d&rsquo;\u00e9cran de Ballonimo<\/strong><\/p>\n<p><img loading=\"lazy\" decoding=\"async\" src=\"http:\/\/www.metronimo.com\/uk\/software\/img\/ballonimo_game_level4.png\" alt=\"\" width=\"480\" height=\"320\" border=\"0\" \/><\/p>\n<p><strong><span style=\"font-size: 18pt;\">6. Doreminotas (application andro\u00efd + pc)<\/span><\/strong><\/p>\n<p>Avec DoReMiNotas, vous pouvez vous entrainer \u00e0 la lecture musicale pour identifier facilement chaque note sur la port\u00e9e.<br \/>\n1. Choisissez la clef de musique que vous souhaitez apprendre : Clef de SOL, Clef de FA ou Clef de UT (sur l&rsquo;application uniquement).<br \/>\n2. Choisissez le groupe de notes, entre 3 notes et la gamme enti\u00e8re (toutes les notes).<br \/>\n3. Commencez \u00e0 jouer!<br \/>\nV\u00e9rifiez votre parcours: vos \u00e9checs et vos r\u00e9ussites.<\/p>\n<p><a href=\"https:\/\/www.doreminotas.com\/doreminotas_web.php\">Cliquez sur le lien pour \u00eatre redirig\u00e9 vers le site<\/a><\/p>\n<p><strong><span style=\"font-size: 18pt;\">7. Jungle Music (application andro\u00efd)<br \/>\n<\/span><\/strong><\/p>\n<p>Pour les plus jeunes&#8230;<\/p>\n<p>Jungle Music est un jeu \u00e9ducatif pour apprendre facilement \u00e0 lire les notes de musique dans toutes les clefs gr\u00e2ce \u00e0 une m\u00e9thode innovante, progressive, ludique et p\u00e9dagogique, sp\u00e9cialement con\u00e7ue pour les musiciens d\u00e9butants et les enfants d\u00e8s l&rsquo;\u00e2ge de 5 ans.<\/p>\n<p>Menez votre qu\u00eate \u00e0 travers la jungle d&rsquo;une \u00eele d\u00e9serte et nourrissez votre cam\u00e9l\u00e9on en lui faisant manger des mouches-notes. Plus vous progresserez, plus il grandira &#8230; Pour les plus jeunes&#8230;<\/p>\n<p><img loading=\"lazy\" decoding=\"async\" class=\"w3-image w3-round-large \" src=\"http:\/\/zecortex.free.fr\/jungle-music-app\/img\/img-jungle-music-Note-fr.png\" alt=\"Apprendre \u00e0 lire les notes de musique avec Jungle Music\" width=\"515\" height=\"515\" \/><\/p>\n<p><strong><span style=\"font-size: 18pt;\">8. NotesDeMusique (application andro\u00efd)<\/span><\/strong><\/p>\n<p>Cette application permet aussi de s&rsquo;entrainer aux relev\u00e9s de notes<\/p>\n<p><img loading=\"lazy\" decoding=\"async\" class=\"\" draggable=\"false\" src=\"https:\/\/www.notes-de-musique.com\/assets\/images\/android\/jeu_1.png\" alt=\"\" width=\"926\" height=\"521\" \/><\/p>\n","protected":false},"excerpt":{"rendered":"<p>1. Solfego (Lecture de notes sur internet) Ce jeu se joue en ligne. Vous pouvez choisir la cl\u00e9, le niveau de difficult\u00e9 ainsi que la vitesse. En cliquant sur l&rsquo;image, vous \u00eates dirig\u00e9s automatiquement vers le site. 2. https:\/\/lire-les-notes.com (Lecture &hellip; <\/p>\n","protected":false},"author":1,"featured_media":0,"parent":138,"menu_order":0,"comment_status":"closed","ping_status":"closed","template":"","meta":{"footnotes":""},"class_list":["post-142","page","type-page","status-publish","hentry"],"_links":{"self":[{"href":"https:\/\/et-musique.fr\/index.php\/wp-json\/wp\/v2\/pages\/142","targetHints":{"allow":["GET"]}}],"collection":[{"href":"https:\/\/et-musique.fr\/index.php\/wp-json\/wp\/v2\/pages"}],"about":[{"href":"https:\/\/et-musique.fr\/index.php\/wp-json\/wp\/v2\/types\/page"}],"author":[{"embeddable":true,"href":"https:\/\/et-musique.fr\/index.php\/wp-json\/wp\/v2\/users\/1"}],"replies":[{"embeddable":true,"href":"https:\/\/et-musique.fr\/index.php\/wp-json\/wp\/v2\/comments?post=142"}],"version-history":[{"count":1,"href":"https:\/\/et-musique.fr\/index.php\/wp-json\/wp\/v2\/pages\/142\/revisions"}],"predecessor-version":[{"id":143,"href":"https:\/\/et-musique.fr\/index.php\/wp-json\/wp\/v2\/pages\/142\/revisions\/143"}],"up":[{"embeddable":true,"href":"https:\/\/et-musique.fr\/index.php\/wp-json\/wp\/v2\/pages\/138"}],"wp:attachment":[{"href":"https:\/\/et-musique.fr\/index.php\/wp-json\/wp\/v2\/media?parent=142"}],"curies":[{"name":"wp","href":"https:\/\/api.w.org\/{rel}","templated":true}]}}