{"id":144,"date":"2023-09-29T11:04:13","date_gmt":"2023-09-29T09:04:13","guid":{"rendered":"https:\/\/et-musique.fr\/?page_id=144"},"modified":"2023-09-29T11:04:13","modified_gmt":"2023-09-29T09:04:13","slug":"sentrainer-a-la-lecture-rythmique","status":"publish","type":"page","link":"https:\/\/et-musique.fr\/index.php\/jeux\/sentrainer-a-la-lecture-rythmique\/","title":{"rendered":"S&rsquo;entra\u00eener \u00e0 la lecture rythmique"},"content":{"rendered":"<div class=\"entry-content\">\n<p><strong><span style=\"font-size: 18pt;\">1. Rhythm Trainer (application andro\u00efd et apple)<\/span><\/strong><\/p>\n<p>Rhythm Trainer est un moyen efficace de ma\u00eetriser vos comp\u00e9tences rythmiques de base, quel que soit l\u2019instrument que vous jouiez.<\/p>\n<p>Le rythme est la base de toute musique. Pratiquez durant 10 \u00e0 15 minutes par jour \u00e0 l\u2019aide d\u2019une m\u00e9thode amusante et test\u00e9e sur le terrain, adapt\u00e9e \u00e0 votre vitesse d\u2019apprentissage personnelle.<\/p>\n<p>Que vous pratiquiez seul(e) ou avec un professeur, Rhythm Trainer vous aidera \u00e0 :<\/p>\n<p>\u2713 D\u00e9velopper le sens du rythme<br \/>\n\u2713 Capter facilement et jouer le rythme \u00e0 l\u2019oreille<br \/>\n\u2713 Lire la notation rythmique \u00e0 vue dans les partitions<\/p>\n<p>Rythme par rythme. Au jour le jour. Jouez en rythme n\u2019importe o\u00f9 ! Apprendre une fois, utiliser pour toujours !<\/p>\n<p><img decoding=\"async\" class=\"T75of DYfLw aligncenter\" src=\"https:\/\/lh3.googleusercontent.com\/7gpGvuu-RoGHY5S92NBGyn5kyHaquPyraFrRJlRzDs7g610AzFpo0f56eHv81vNqLkU=w720-h310\" srcset=\"https:\/\/lh3.googleusercontent.com\/7gpGvuu-RoGHY5S92NBGyn5kyHaquPyraFrRJlRzDs7g610AzFpo0f56eHv81vNqLkU=w1440-h620 2x\" alt=\"Capture d'\u00e9cran\" data-ils=\"3\" aria-hidden=\"true\" \/><\/p>\n<p><strong><span style=\"font-size: 18pt;\">2. Ma\u00eetre du rythme (application andro\u00efd et iphone)<\/span><br \/>\n<\/strong><\/p>\n<p>Tous les exercices sont g\u00e9n\u00e9r\u00e9s al\u00e9atoirement par un algorithme qui respecte chaque niveau. Pour chaque niveau, vous pouvez alors jouer encore et encore car l\u2019exercice sera toujours diff\u00e9rent de la fois pr\u00e9c\u00e9dente. Vous pouvez cr\u00e9er votre propre exercice Full Custom! en s\u00e9lectionnant en particulier tout ce que vous avez besoin de travailler.<br \/>\nCette application vous permet de travailler et am\u00e9liorer vos connaissances en lecture et \u00e9criture de rythmes de musique.<\/p>\n<p>Au travers d\u2019exercices de dict\u00e9es ou de lectures, vous progressez \u00e0 votre rythme en suivant les diff\u00e9rents niveaux tout en ayant une vue d\u2019ensemble sur les derniers r\u00e9sultats obtenus.<\/p>\n<p><img loading=\"lazy\" decoding=\"async\" class=\"T75of DYfLw aligncenter\" src=\"https:\/\/lh3.googleusercontent.com\/f2wsZC2R3RBLfXt6ynVx6lyKmDgROLKTC52PMQtMG_RBwgAWkDtFLn_o3zDHmiyFSnA=w720-h310\" srcset=\"https:\/\/lh3.googleusercontent.com\/f2wsZC2R3RBLfXt6ynVx6lyKmDgROLKTC52PMQtMG_RBwgAWkDtFLn_o3zDHmiyFSnA=w1440-h620 2x\" alt=\"Capture d'\u00e9cran\" width=\"517\" height=\"310\" aria-hidden=\"true\" data-atf=\"true\" data-iml=\"1473\" \/><\/p>\n<\/div>\n","protected":false},"excerpt":{"rendered":"<p>1. Rhythm Trainer (application andro\u00efd et apple) Rhythm Trainer est un moyen efficace de ma\u00eetriser vos comp\u00e9tences rythmiques de base, quel que soit l\u2019instrument que vous jouiez. Le rythme est la base de toute musique. Pratiquez durant 10 \u00e0 15 &hellip; <\/p>\n","protected":false},"author":1,"featured_media":0,"parent":138,"menu_order":0,"comment_status":"closed","ping_status":"closed","template":"","meta":{"footnotes":""},"class_list":["post-144","page","type-page","status-publish","hentry"],"_links":{"self":[{"href":"https:\/\/et-musique.fr\/index.php\/wp-json\/wp\/v2\/pages\/144","targetHints":{"allow":["GET"]}}],"collection":[{"href":"https:\/\/et-musique.fr\/index.php\/wp-json\/wp\/v2\/pages"}],"about":[{"href":"https:\/\/et-musique.fr\/index.php\/wp-json\/wp\/v2\/types\/page"}],"author":[{"embeddable":true,"href":"https:\/\/et-musique.fr\/index.php\/wp-json\/wp\/v2\/users\/1"}],"replies":[{"embeddable":true,"href":"https:\/\/et-musique.fr\/index.php\/wp-json\/wp\/v2\/comments?post=144"}],"version-history":[{"count":1,"href":"https:\/\/et-musique.fr\/index.php\/wp-json\/wp\/v2\/pages\/144\/revisions"}],"predecessor-version":[{"id":145,"href":"https:\/\/et-musique.fr\/index.php\/wp-json\/wp\/v2\/pages\/144\/revisions\/145"}],"up":[{"embeddable":true,"href":"https:\/\/et-musique.fr\/index.php\/wp-json\/wp\/v2\/pages\/138"}],"wp:attachment":[{"href":"https:\/\/et-musique.fr\/index.php\/wp-json\/wp\/v2\/media?parent=144"}],"curies":[{"name":"wp","href":"https:\/\/api.w.org\/{rel}","templated":true}]}}