{"id":146,"date":"2023-09-29T11:05:08","date_gmt":"2023-09-29T09:05:08","guid":{"rendered":"https:\/\/et-musique.fr\/?page_id=146"},"modified":"2023-09-29T11:05:08","modified_gmt":"2023-09-29T09:05:08","slug":"sentrainer-au-releve-melodique","status":"publish","type":"page","link":"https:\/\/et-musique.fr\/index.php\/jeux\/sentrainer-au-releve-melodique\/","title":{"rendered":"S&rsquo;entra\u00eener au relev\u00e9 m\u00e9lodique"},"content":{"rendered":"<p><strong><span style=\"font-size: 18pt;\">1. L&rsquo;oreille musicale (en ligne)<br \/>\n<\/span><\/strong><\/p>\n<p><a href=\"http:\/\/france.catsfamily.net\/jeux\/musique\/oreille\/Quiz_oreille_musicale.html\" target=\"_blank\" rel=\"noopener\"><img loading=\"lazy\" decoding=\"async\" class=\"size-medium wp-image-95 aligncenter\" src=\"http:\/\/etmusique.free.fr\/wp-content\/uploads\/2018\/04\/loreille-musicale-300x140.jpg\" alt=\"\" width=\"300\" height=\"140\" \/><\/a><\/p>\n<p><a href=\"http:\/\/france.catsfamily.net\/jeux\/musique\/oreille\/Quiz_oreille_musicale.html\">http:\/\/france.catsfamily.net\/jeux\/musique\/oreille\/Quiz_oreille_musicale.html<\/a><\/p>\n<p><strong><span style=\"font-size: 18pt;\">2. M\u00e9mory musical (en ligne)<br \/>\n<\/span><\/strong><\/p>\n<p><a href=\"http:\/\/france.catsfamily.net\/jeux\/musique\/notes\/memory_musicats_sonore.html\" target=\"_blank\" rel=\"noopener\"><img loading=\"lazy\" decoding=\"async\" class=\"size-medium wp-image-100 aligncenter\" src=\"http:\/\/etmusique.free.fr\/wp-content\/uploads\/2018\/04\/Capture2-300x190.jpg\" alt=\"\" width=\"300\" height=\"190\" \/><\/a><\/p>\n<p><a href=\"http:\/\/france.catsfamily.net\/jeux\/musique\/notes\/memory_musicats_sonore.html\">http:\/\/france.catsfamily.net\/jeux\/musique\/notes\/memory_musicats_sonore.html<\/a><\/p>\n<p><strong><span style=\"font-size: 18pt;\">3. Perfect Ear (application andro\u00efd et apple)<\/span><\/strong><\/p>\n<p>Principales fonctionnalit\u00e9s\u00a0:<br \/>\n\u2022 Exercices d\u2019entra\u00eenement personnalisables pour les intervalles, les gammes, les accords et le rythme<br \/>\n\u2022 Possibilit\u00e9 de cr\u00e9er des gammes, des accords et des progressions d\u2019accords personnalis\u00e9s pour des exercices<br \/>\n\u2022 Articles th\u00e9oriques<br \/>\n\u2022 Exercices de dict\u00e9e musicale<br \/>\n\u2022 Entra\u00eeneur de d\u00e9chiffrage<br \/>\n\u2022 Entra\u00eeneur de hauteur absolue<br \/>\n\u2022 Entra\u00eeneur de chant de notes<br \/>\n\u2022 Un dictionnaire complet des gammes<\/p>\n<p>Perfect Ear vous offre une formation de l\u2019oreille unique, la formation du rythme et des cours de solf\u00e8ge de haute qualit\u00e9. Que vous soyez d\u00e9butant ou professionnel, vous trouverez quelque chose pour faire de vous un meilleur musicien. .<\/p>\n<p>Les exercices peuvent \u00eatre r\u00e9alis\u00e9s avec un piano ou une guitare, alors n\u2019attendez plus, t\u00e9l\u00e9chargez Perfect Ear d\u00e8s maintenant et vous serez \u00e9tonn\u00e9 de ce que cette appli a \u00e0 offrir\u00a0!<\/p>\n<p><img loading=\"lazy\" decoding=\"async\" class=\"T75of DYfLw aligncenter\" src=\"https:\/\/lh3.googleusercontent.com\/eReUOnwbOs_toMsbkpQhObLrZPcmwZpApwkBd5F0gU36J_W3fCmqf_ZvyzF4kNLpWT4=w720-h310\" srcset=\"https:\/\/lh3.googleusercontent.com\/eReUOnwbOs_toMsbkpQhObLrZPcmwZpApwkBd5F0gU36J_W3fCmqf_ZvyzF4kNLpWT4=w1440-h620 2x\" alt=\"Capture d'\u00e9cran\" width=\"174\" height=\"310\" aria-hidden=\"true\" data-iml=\"1605\" data-atf=\"true\" \/><\/p>\n<p><span style=\"font-size: 18pt;\"><strong>4.GNU Solfege (logiciel gratuit)<br \/>\n<\/strong><\/span><\/p>\n<p><strong>GNU Solfege <\/strong>permet de faire travailler l&rsquo;oreille musicale. Entra\u00eenez-vous \u00e0 : identifier des accords (de seconde \u00e0 dixi\u00e8me), diff\u00e9rencier les mineurs des majeurs, rep\u00e9rer la note racine d&rsquo;un accord, reconna\u00eetre une gamme (mineur, majeur, ionien, dorien, etc.), identifier une note, \u00e9crire une partition sous la dict\u00e9e (reconnaissance des notes, des temps et du type de cl\u00e9), etc. De plus vous pouvez, si n\u00e9cessaire, ajouter vous-m\u00eame de nouveaux exercices.<\/p>\n<p><a href=\"https:\/\/www.01net.com\/telecharger\/windows\/Loisirs\/musique\/fiches\/34982.htm\">https:\/\/www.01net.com\/telecharger\/windows\/Loisirs\/musique\/fiches\/34982.htm<\/a>l<\/p>\n<p><span style=\"font-size: 18pt;\"><strong>5. Logiciel : dict\u00e9e musicale et m\u00e9moire<\/strong><\/span><\/p>\n<p style=\"text-align: justify;\"><span style=\"font-size: 14pt;\">Le logiciel propose <strong>deux activit\u00e9s<\/strong> compl\u00e9mentaires, <strong>dict\u00e9e<\/strong> et <strong>m\u00e9moire musicale<\/strong>, qui permettront de d\u00e9velopper votre attention, votre oreille musicale et votre m\u00e9moire auditive.<\/span><\/p>\n<p style=\"text-align: justify;\"><span style=\"font-size: 14pt;\">Le logiciel se comporte comme un professeur de musique. Au d\u00e9but de chaque exercice de dict\u00e9e m\u00e9lodique, le logiciel fait entendre tout en les montrant \u00e0 l&rsquo;\u00e9cran sur le manche de la guitare ou du piano, la s\u00e9rie de notes sur laquelle va porter la dict\u00e9e. Il proc\u00e8de ensuite \u00e0 la dict\u00e9e note \u00e0 note : il joue une note puis attend votre r\u00e9ponse, que vous pouvez donner comme il vous pla\u00eet en cliquant soit sur le manche de la guitare, soit sur le clavier ou bien encore sur le nom des notes affich\u00e9es dans l&rsquo;interface.<\/span><br \/>\n<span style=\"font-size: 14pt;\">\u00c0 chaque bonne r\u00e9ponse, le programme vous octroie un point et fait entendre la note suivante dans la dict\u00e9e. \u00c0 chaque s\u00e9rie de 15 notes sur 16 notes reconnues avec succ\u00e8s, le logiciel augmente le niveau de difficult\u00e9 en jouant les sons sur une octave suppl\u00e9mentaire. \u00c0 chaque s\u00e9rie de 12 exercices ayant obtenu la note de 15\/16 le logiciel \u00ab\u00a0<em>Dict\u00e9e et M\u00e9moire Musicale<\/em>\u00a0\u00bb vous fait passer au niveau sup\u00e9rieur. Dans le cas contraire, le fait de rester et de pratiquer dans un m\u00eame niveau augmente vos comp\u00e9tences et vous permet \u00e0 un moment ou un autre de passer, quoi qu&rsquo;il en soit, au niveau sup\u00e9rieur.<\/span><\/p>\n<p style=\"text-align: justify;\"><span style=\"font-size: 14pt;\"><strong><span style=\"color: #ff0000;\">Logiciel payant<\/span><\/strong> mais possibilit\u00e9 de l&rsquo;essayer sous forme de d\u00e9mo.\u00a0<a href=\"https:\/\/telecharger.tomsguide.fr\/Dictee-Memoire-Musicale,0301-7502.html#k5rVIZ2J4fc3kFvW.99\" target=\"_blank\" rel=\"noopener\">lien<\/a><\/span><\/p>\n<p style=\"text-align: center;\"><img loading=\"lazy\" decoding=\"async\" class=\"alignnone size-medium wp-image-99\" src=\"http:\/\/etmusique.free.fr\/wp-content\/uploads\/2018\/04\/Capture1-300x230.jpg\" alt=\"\" width=\"300\" height=\"230\" \/><\/p>\n","protected":false},"excerpt":{"rendered":"<p>1. L&rsquo;oreille musicale (en ligne) http:\/\/france.catsfamily.net\/jeux\/musique\/oreille\/Quiz_oreille_musicale.html 2. M\u00e9mory musical (en ligne) http:\/\/france.catsfamily.net\/jeux\/musique\/notes\/memory_musicats_sonore.html 3. Perfect Ear (application andro\u00efd et apple) Principales fonctionnalit\u00e9s\u00a0: \u2022 Exercices d\u2019entra\u00eenement personnalisables pour les intervalles, les gammes, les accords et le rythme \u2022 Possibilit\u00e9 de cr\u00e9er des &hellip; <\/p>\n","protected":false},"author":1,"featured_media":0,"parent":138,"menu_order":0,"comment_status":"closed","ping_status":"closed","template":"","meta":{"footnotes":""},"class_list":["post-146","page","type-page","status-publish","hentry"],"_links":{"self":[{"href":"https:\/\/et-musique.fr\/index.php\/wp-json\/wp\/v2\/pages\/146","targetHints":{"allow":["GET"]}}],"collection":[{"href":"https:\/\/et-musique.fr\/index.php\/wp-json\/wp\/v2\/pages"}],"about":[{"href":"https:\/\/et-musique.fr\/index.php\/wp-json\/wp\/v2\/types\/page"}],"author":[{"embeddable":true,"href":"https:\/\/et-musique.fr\/index.php\/wp-json\/wp\/v2\/users\/1"}],"replies":[{"embeddable":true,"href":"https:\/\/et-musique.fr\/index.php\/wp-json\/wp\/v2\/comments?post=146"}],"version-history":[{"count":1,"href":"https:\/\/et-musique.fr\/index.php\/wp-json\/wp\/v2\/pages\/146\/revisions"}],"predecessor-version":[{"id":147,"href":"https:\/\/et-musique.fr\/index.php\/wp-json\/wp\/v2\/pages\/146\/revisions\/147"}],"up":[{"embeddable":true,"href":"https:\/\/et-musique.fr\/index.php\/wp-json\/wp\/v2\/pages\/138"}],"wp:attachment":[{"href":"https:\/\/et-musique.fr\/index.php\/wp-json\/wp\/v2\/media?parent=146"}],"curies":[{"name":"wp","href":"https:\/\/api.w.org\/{rel}","templated":true}]}}