{"id":148,"date":"2023-09-29T11:05:57","date_gmt":"2023-09-29T09:05:57","guid":{"rendered":"https:\/\/et-musique.fr\/?page_id=148"},"modified":"2023-09-29T11:05:57","modified_gmt":"2023-09-29T09:05:57","slug":"sentrainer-au-releve-rythmique","status":"publish","type":"page","link":"https:\/\/et-musique.fr\/index.php\/jeux\/sentrainer-au-releve-rythmique\/","title":{"rendered":"S&rsquo;entra\u00eener au relev\u00e9 rythmique"},"content":{"rendered":"<p><strong><span style=\"font-size: 18pt;\">1. D\u00e9fis rythmes<\/span><\/strong><\/p>\n<div id=\"module_contenu_article135542600\" class=\"module_contenu\">\n<div class=\"module_contenu_block\">\n<div class=\"article_text\">\n<p>http:\/\/france.catsfamily.net\/jeux\/musique\/defis_rythmes\/Quiz_rythmes_binaires.html<\/p>\n<p><a href=\"http:\/\/france.catsfamily.net\/jeux\/musique\/defis_rythmes\/Quiz_rythmes_binaires.html\" target=\"_blank\" rel=\"noopener noreferrer\"><img decoding=\"async\" src=\"http:\/\/ekladata.com\/SQ-1QU6X3UuYgZkTUh_dHJKoj8w@500x314.png\" alt=\"D\u00e9fis rythmes\" \/><\/a><\/p>\n<\/div>\n<\/div>\n<\/div>\n<div class=\"module_bottom\">\u00a0<\/div>\n<div class=\"module_titre\">\n<h1 id=\"module_titre_article126862926\" class=\"module_titre_contenu\"><span style=\"font-size: 18pt;\">2. Reconnaissance de rythmes sur internet<\/span><\/h1>\n<\/div>\n<div id=\"module_contenu_article126862926\" class=\"module_contenu\">\n<div class=\"module_contenu_block\">\n<div class=\"article_text\">\n<p style=\"text-align: justify;\"><span style=\"font-size: 14pt;\"><strong>Musi Cat&rsquo;s : les rythmes binaires<\/strong> est un jeu en ligne permettant de travailler la dict\u00e9e de rythmes simples. Le jeu joue un rythme et l&rsquo;enfant doit cliquer sur le bon rythme parmi plusieurs choix. jeu en ligne, lien : \u00a0<a href=\"http:\/\/france.catsfamily.net\/jeux\/musique\/rythme\/Quiz_rythmes_binaires.html\">http:\/\/france.catsfamily.net\/jeux\/musique\/rythme\/Quiz_rythmes_binaires.html<\/a><\/span><\/p>\n<p><img decoding=\"async\" src=\"http:\/\/ekladata.com\/edZWypBrhK4fymSFqwAQ7l4YRko@250x160.png\" alt=\"Reconnaissance de rythmes sur internet\" \/><\/p>\n<\/div>\n<\/div>\n<\/div>\n<div class=\"module_bottom\">\u00a0<\/div>\n<div class=\"double-ads\">\u00a0<\/div>\n<div class=\"module_titre\">\n<div class=\"module_tools\">\u00a0<\/div>\n<h1 id=\"module_titre_article126862900\" class=\"module_titre_contenu\"><span style=\"font-size: 18pt;\">3. Logiciel gratuit Rythmonimo<\/span><\/h1>\n<\/div>\n<div id=\"module_contenu_article126862900\" class=\"module_contenu\">\n<div class=\"module_contenu_block\">\n<div class=\"article_text\">\n<p style=\"text-align: justify;\"><span style=\"font-size: 14pt;\">Rythmonimo est un logiciel ludique qui permet d\u2019apprendre le rythme des notes de musique. Le principe est le suivant\u00a0: vous \u00e9coutez un rythme, vous d\u00e9placez un rectangle sur sa repr\u00e9sentation graphique, puis vous validez votre r\u00e9ponse. Lorsque la r\u00e9ponse est correcte, vous gagnez des points. Lorsqu\u2019elle est incorrecte, vous en perdez.<\/span><\/p>\n<p style=\"text-align: justify;\"><span style=\"font-size: 14pt;\">Lorsque le programme est lanc\u00e9 pour la premi\u00e8re fois, il est n\u00e9cessaire de cr\u00e9er un nom d\u2019utilisateur. Le programme sauvegarde les param\u00e8tres et la progression de chaque utilisateur. Si vous ne voulez pas que d\u2019autres personnes aient acc\u00e8s \u00e0 vos param\u00e8tres, vous pouvez utiliser un mot de passe. Vous pouvez changer la langue de l\u2019interface, fran\u00e7ais, anglais, espagnol, portugais, italien ou allemand, en cliquant sur un drapeau.<\/span><\/p>\n<p style=\"text-align: justify;\"><span style=\"font-size: 14pt;\">Ce logiciel contient deux principales parties : une partie <em>apprentissage avec des niveaux progressifs<\/em>, et une parties <em>jeux<\/em>.<\/span><\/p>\n<p style=\"text-align: justify;\"><span style=\"font-size: 14pt;\">&#8211; La partie apprentissage contient 48 niveaux progressifs de mesures binaires 2\/4, 3\/4, 4\/4, 12 niveaux progressifs de mesures binaires 2\/2, 3\/2, 4\/2, et 12 niveaux progressifs de mesures ternaires 6\/8. Le joueur doit ici d\u00e9couvrir un rythme parmi 8.<\/span><\/p>\n<p style=\"text-align: justify;\"><span style=\"font-size: 14pt;\">&#8211; Dans la partie <em>jeux<\/em>, il est possible d&rsquo;avoir 1 ou 2 joueurs. Lorsqu&rsquo;il y a un seul joueur, le score est sauvegard\u00e9 s&rsquo;il est parmi les 30 meilleurs. Lorsque qu&rsquo;il y a 2 joueurs, le programme affiche les scores et le nom du vainqueur. Le joueur doit ici d\u00e9couvrir un rythme parmi 14.<\/span><\/p>\n<p style=\"text-align: justify;\"><span style=\"font-size: 14pt;\">Il est possible de param\u00e9trer les jeux : choix parmi 8 d\u00e9cors, 16 bruitages, 44 sonorit\u00e9s de rythmes, modification du volume, du tempo, du temps pour faire les niveaux, utilisation de bonus. Pour d\u00e9placer le rectangle de r\u00e9ponse, il est possible d&rsquo;utiliser le clavier d&rsquo;ordinateur ou des manettes de jeu. Utilisez de pr\u00e9f\u00e9rence des joypads plut\u00f4t que des joysticks.<\/span><\/p>\n<p style=\"text-align: justify;\"><span style=\"font-size: 14pt;\">Si vous avez des difficult\u00e9s pour reconna\u00eetre les rythmes, vous avez la possibilit\u00e9s de les \u00e9couter. Les 560 rythmes sont r\u00e9pertori\u00e9s dans l&rsquo;aide au format pdf fourni avec le programme. Si vous \u00eates enseignant, vous pouvez ainsi les imprimer et choisir plus facilement les niveaux \u00e0 faire travailler \u00e0 vos \u00e9l\u00e8ves.<\/span><\/p>\n<p style=\"text-align: justify;\"><span style=\"font-size: 14pt;\">Ce programme est compatible avec les versions de Windows 95, 98, 2000, millenium, XP, Vista, Seven, 8, 10.<\/span><\/p>\n<p style=\"text-align: justify;\"><span style=\"font-size: 14pt;\">T\u00e9l\u00e9chargeable sur\u00a0<a href=\"http:\/\/www.metronimo.com\/fr\/logiciels\/index.php?page=rythme\">http:\/\/www.metronimo.com\/fr\/logiciels\/index.php?page=rythme<\/a><\/span><\/p>\n<\/div>\n<\/div>\n<\/div>\n<p style=\"text-align: justify;\">\u00a0<\/p>\n","protected":false},"excerpt":{"rendered":"<p>1. D\u00e9fis rythmes http:\/\/france.catsfamily.net\/jeux\/musique\/defis_rythmes\/Quiz_rythmes_binaires.html \u00a0 2. Reconnaissance de rythmes sur internet Musi Cat&rsquo;s : les rythmes binaires est un jeu en ligne permettant de travailler la dict\u00e9e de rythmes simples. Le jeu joue un rythme et l&rsquo;enfant doit cliquer sur &hellip; <\/p>\n","protected":false},"author":1,"featured_media":0,"parent":138,"menu_order":0,"comment_status":"closed","ping_status":"closed","template":"","meta":{"footnotes":""},"class_list":["post-148","page","type-page","status-publish","hentry"],"_links":{"self":[{"href":"https:\/\/et-musique.fr\/index.php\/wp-json\/wp\/v2\/pages\/148","targetHints":{"allow":["GET"]}}],"collection":[{"href":"https:\/\/et-musique.fr\/index.php\/wp-json\/wp\/v2\/pages"}],"about":[{"href":"https:\/\/et-musique.fr\/index.php\/wp-json\/wp\/v2\/types\/page"}],"author":[{"embeddable":true,"href":"https:\/\/et-musique.fr\/index.php\/wp-json\/wp\/v2\/users\/1"}],"replies":[{"embeddable":true,"href":"https:\/\/et-musique.fr\/index.php\/wp-json\/wp\/v2\/comments?post=148"}],"version-history":[{"count":1,"href":"https:\/\/et-musique.fr\/index.php\/wp-json\/wp\/v2\/pages\/148\/revisions"}],"predecessor-version":[{"id":149,"href":"https:\/\/et-musique.fr\/index.php\/wp-json\/wp\/v2\/pages\/148\/revisions\/149"}],"up":[{"embeddable":true,"href":"https:\/\/et-musique.fr\/index.php\/wp-json\/wp\/v2\/pages\/138"}],"wp:attachment":[{"href":"https:\/\/et-musique.fr\/index.php\/wp-json\/wp\/v2\/media?parent=148"}],"curies":[{"name":"wp","href":"https:\/\/api.w.org\/{rel}","templated":true}]}}