{"id":279,"date":"2023-11-07T17:45:36","date_gmt":"2023-11-07T16:45:36","guid":{"rendered":"https:\/\/et-musique.fr\/?page_id=279"},"modified":"2023-12-06T12:06:27","modified_gmt":"2023-12-06T11:06:27","slug":"concert-de-noel","status":"publish","type":"page","link":"https:\/\/et-musique.fr\/index.php\/concert-de-noel\/","title":{"rendered":"Concert de No\u00ebl"},"content":{"rendered":"<div>\n<p style=\"text-align: center;\"><span style=\"color: #ff00ff; font-size: 18pt;\"><strong>Le dimanche 17 d\u00e9cembre \u00e0 16h,<\/strong><\/span><\/p>\n<p style=\"text-align: center;\"><span style=\"color: #ff00ff; font-size: 18pt;\"><strong>les \u00e9l\u00e8ves participeront \u00e0 un concert de Noel \u00e0 la cath\u00e9drale Saint Siffrein. <\/strong><\/span><\/p>\n<p style=\"text-align: center;\"><span style=\"color: #ff00ff; font-size: 18pt;\"><strong>Merci de pr\u00e9cisez si votre enfant sera pr\u00e9sent ou absent<\/strong><\/span><\/p>\n<p style=\"text-align: center;\"><span style=\"color: #ff00ff; font-size: 18pt;\">Tenue : Bas sombre Haut : blanc avec une touche de rouge<\/span><\/p>\n<p style=\"text-align: center;\"><span style=\"color: #ff00ff; font-size: 18pt;\">R\u00e9p\u00e9titions au conservatoire les mardi ou mercredi \u00e0 la chapelle pendant les heures de cours<br \/>\n<\/span><\/p>\n<p style=\"text-align: center;\"><span style=\"color: #ff00ff; font-size: 18pt;\">R\u00e9p\u00e9tition g\u00e9n\u00e9rale dimanche 17 d\u00e9cembre \u00e0 15h \u00e0 la cath\u00e9drale Saint Siffrein<\/span><\/p>\n<\/div>\n<p>&nbsp;<\/p>\n<p style=\"text-align: center;\"><span style=\"color: #0000ff; font-size: 18pt;\"><strong>Concert de No\u00ebl du conservatoire<\/strong><\/span><\/p>\n<p style=\"text-align: center;\"><span style=\"color: #0000ff; font-size: 18pt;\"><strong> le mercredi 20 d\u00e9cembre<br \/>\n<\/strong><\/span><\/p>\n<p style=\"text-align: center;\"><span style=\"color: #0000ff; font-size: 18pt;\"><strong>\u00e0 11h30 ou 15h30\u00a0 rendez vous au conservatoire<br \/>\n<\/strong><\/span><\/p>\n<p style=\"text-align: center;\"><span style=\"color: #0000ff; font-size: 18pt;\">nous d\u00e9ambulerons dans la ville<\/span><\/p>\n<p style=\"text-align: center;\"><span style=\"color: #0000ff; font-size: 18pt;\"><strong>Merci de pr\u00e9cisez sur quel cr\u00e9neau votre enfant sera pr\u00e9sent ou absent<\/strong><\/span><\/p>\n<p style=\"text-align: center;\"><span style=\"color: #0000ff; font-size: 18pt;\">Choisir un cr\u00e9neau (si vous le voulez vous pouvez faire les 2)<\/span><\/p>\n<p style=\"text-align: center;\"><span style=\"color: #0000ff; font-size: 18pt;\">Tenue : Bas sombre Haut : couleur de No\u00ebl<\/span><\/p>\n<p>&nbsp;<\/p>\n<p>&nbsp;<\/p>\n<p><strong>Petit Gar\u00e7on<\/strong><\/p>\n<!--[if lt IE 9]><script>document.createElement('audio');<\/script><![endif]-->\n<audio class=\"wp-audio-shortcode\" id=\"audio-279-1\" preload=\"none\" style=\"width: 100%;\" controls=\"controls\"><source type=\"audio\/mpeg\" src=\"https:\/\/et-musique.fr\/wp-content\/uploads\/2023\/11\/petit-garcon-piano-chant.mp3?_=1\" \/><a href=\"https:\/\/et-musique.fr\/wp-content\/uploads\/2023\/11\/petit-garcon-piano-chant.mp3\">https:\/\/et-musique.fr\/wp-content\/uploads\/2023\/11\/petit-garcon-piano-chant.mp3<\/a><\/audio>\n<p>&nbsp;<\/p>\n<p>&nbsp;<\/p>\n<p><span style=\"font-size: 14pt;\"><strong>ENCHAINEMENT DES 4 PREMIERES CHANSONS\u00a0<\/strong><\/span> : Demain c&rsquo;est No\u00ebl, J&rsquo;ai d&rsquo;mand\u00e9 au P\u00e8re No\u00ebl, On se dit joyeux No\u00ebl et No\u00ebl des enfants du monde<\/p>\n<audio class=\"wp-audio-shortcode\" id=\"audio-279-2\" preload=\"none\" style=\"width: 100%;\" controls=\"controls\"><source type=\"audio\/mpeg\" src=\"https:\/\/et-musique.fr\/wp-content\/uploads\/2023\/11\/4-chants-de-Noel-piano-chant.mp3?_=2\" \/><a href=\"https:\/\/et-musique.fr\/wp-content\/uploads\/2023\/11\/4-chants-de-Noel-piano-chant.mp3\">https:\/\/et-musique.fr\/wp-content\/uploads\/2023\/11\/4-chants-de-Noel-piano-chant.mp3<\/a><\/audio>\n<p>&nbsp;<\/p>\n<p>&nbsp;<\/p>\n<p><strong>J&rsquo;ai d&rsquo;mand\u00e9 au P\u00e8re No\u00ebl<\/strong><\/p>\n<audio class=\"wp-audio-shortcode\" id=\"audio-279-3\" preload=\"none\" style=\"width: 100%;\" controls=\"controls\"><source type=\"audio\/mpeg\" src=\"https:\/\/et-musique.fr\/wp-content\/uploads\/2023\/11\/jai-demande-au-Pere-Noel.mp3?_=3\" \/><a href=\"https:\/\/et-musique.fr\/wp-content\/uploads\/2023\/11\/jai-demande-au-Pere-Noel.mp3\">https:\/\/et-musique.fr\/wp-content\/uploads\/2023\/11\/jai-demande-au-Pere-Noel.mp3<\/a><\/audio>\n<p>&nbsp;<\/p>\n<p>&nbsp;<\/p>\n<p><strong>No\u00ebl des enfants du monde<\/strong><\/p>\n<audio class=\"wp-audio-shortcode\" id=\"audio-279-4\" preload=\"none\" style=\"width: 100%;\" controls=\"controls\"><source type=\"audio\/mpeg\" src=\"https:\/\/et-musique.fr\/wp-content\/uploads\/2023\/11\/noel-des-enfants-du-monde.mp3?_=4\" \/><a href=\"https:\/\/et-musique.fr\/wp-content\/uploads\/2023\/11\/noel-des-enfants-du-monde.mp3\">https:\/\/et-musique.fr\/wp-content\/uploads\/2023\/11\/noel-des-enfants-du-monde.mp3<\/a><\/audio>\n<p>&nbsp;<\/p>\n<p>&nbsp;<\/p>\n<p><strong>Demain c&rsquo;est No\u00ebl<\/strong><\/p>\n<audio class=\"wp-audio-shortcode\" id=\"audio-279-5\" preload=\"none\" style=\"width: 100%;\" controls=\"controls\"><source type=\"audio\/mpeg\" src=\"https:\/\/et-musique.fr\/wp-content\/uploads\/2023\/11\/demain-cest-Noel.mp3?_=5\" \/><a href=\"https:\/\/et-musique.fr\/wp-content\/uploads\/2023\/11\/demain-cest-Noel.mp3\">https:\/\/et-musique.fr\/wp-content\/uploads\/2023\/11\/demain-cest-Noel.mp3<\/a><\/audio>\n<p>&nbsp;<\/p>\n<p>&nbsp;<\/p>\n<p>&nbsp;<\/p>\n<p>&nbsp;<\/p>\n<p>&nbsp;<\/p>\n<p><strong><span style=\"color: #ff0000;\">ON SE DIT JOYEUX NOEL\u00a0 : ne pas apprendre le couplet \u00ab\u00a0Japporte un petit g\u00e2teau&#8230;.\u00a0\u00bb<\/span><br \/>\n<\/strong><\/p>\n<p><iframe loading=\"lazy\" title=\"YouTube video player\" src=\"\/\/www.youtube.com\/embed\/z_PhFkgBicg?si=oonuZ-l3RkpewZSb\" width=\"560\" height=\"315\" frameborder=\"0\" allowfullscreen=\"allowfullscreen\"><\/iframe><\/p>\n<p><iframe loading=\"lazy\" title=\"YouTube video player\" src=\"\/\/www.youtube.com\/embed\/RpwM7KwDqiM?si=N1BLaV3MZYxgkwa6\" width=\"560\" height=\"315\" frameborder=\"0\" allowfullscreen=\"allowfullscreen\"><\/iframe><\/p>\n<p><iframe loading=\"lazy\" title=\"YouTube video player\" src=\"\/\/www.youtube.com\/embed\/A-3DetXEr_A?si=UbsoTaysubzrFg_-\" width=\"560\" height=\"315\" frameborder=\"0\" allowfullscreen=\"allowfullscreen\"><\/iframe><\/p>\n<p><iframe loading=\"lazy\" title=\"YouTube video player\" src=\"\/\/www.youtube.com\/embed\/0C2Nd6kH9r0?si=HtfH7EmeCO1ySBvf\" width=\"560\" height=\"315\" frameborder=\"0\" allowfullscreen=\"allowfullscreen\"><\/iframe><\/p>\n<p><span style=\"font-size: 14pt;\"><strong><span style=\"color: #ff0000;\">NOEL DES ENFANTS DU MONDE : apprendre que le refrain<\/span><\/strong><\/span><\/p>\n<p><iframe loading=\"lazy\" title=\"YouTube video player\" src=\"\/\/www.youtube.com\/embed\/LKbuMuRo5bw?si=LOecSrrDcTV4fsyn\" width=\"560\" height=\"315\" frameborder=\"0\" allowfullscreen=\"allowfullscreen\"><\/iframe><\/p>\n","protected":false},"excerpt":{"rendered":"<p>Le dimanche 17 d\u00e9cembre \u00e0 16h, les \u00e9l\u00e8ves participeront \u00e0 un concert de Noel \u00e0 la cath\u00e9drale Saint Siffrein. Merci de pr\u00e9cisez si votre enfant sera pr\u00e9sent ou absent Tenue : Bas sombre Haut : blanc avec une touche de &hellip; <\/p>\n","protected":false},"author":1,"featured_media":0,"parent":0,"menu_order":0,"comment_status":"closed","ping_status":"closed","template":"","meta":{"footnotes":""},"class_list":["post-279","page","type-page","status-publish","hentry"],"_links":{"self":[{"href":"https:\/\/et-musique.fr\/index.php\/wp-json\/wp\/v2\/pages\/279","targetHints":{"allow":["GET"]}}],"collection":[{"href":"https:\/\/et-musique.fr\/index.php\/wp-json\/wp\/v2\/pages"}],"about":[{"href":"https:\/\/et-musique.fr\/index.php\/wp-json\/wp\/v2\/types\/page"}],"author":[{"embeddable":true,"href":"https:\/\/et-musique.fr\/index.php\/wp-json\/wp\/v2\/users\/1"}],"replies":[{"embeddable":true,"href":"https:\/\/et-musique.fr\/index.php\/wp-json\/wp\/v2\/comments?post=279"}],"version-history":[{"count":19,"href":"https:\/\/et-musique.fr\/index.php\/wp-json\/wp\/v2\/pages\/279\/revisions"}],"predecessor-version":[{"id":507,"href":"https:\/\/et-musique.fr\/index.php\/wp-json\/wp\/v2\/pages\/279\/revisions\/507"}],"wp:attachment":[{"href":"https:\/\/et-musique.fr\/index.php\/wp-json\/wp\/v2\/media?parent=279"}],"curies":[{"name":"wp","href":"https:\/\/api.w.org\/{rel}","templated":true}]}}