{"id":36,"date":"2023-09-26T14:44:18","date_gmt":"2023-09-26T12:44:18","guid":{"rendered":"https:\/\/et-musique.fr\/?page_id=36"},"modified":"2025-08-13T16:57:43","modified_gmt":"2025-08-13T14:57:43","slug":"accueil","status":"publish","type":"page","link":"https:\/\/et-musique.fr\/","title":{"rendered":"Accueil"},"content":{"rendered":"<p style=\"text-align: center;\"><span style=\"color: #ff00ff; font-size: 24pt;\"><strong>Bienvenue sur Et musique&#8230;<\/strong><\/span><\/p>\r\n&nbsp;\r\n\r\n<span style=\"font-size: 14pt;\">Ce site est d\u00e9di\u00e9 \u00e0 mes \u00e9l\u00e8ves. Ils pourront trouver :<\/span>\r\n\r\n&nbsp;\r\n<h2><span style=\"font-size: 14pt;\">\u00a0 \u00a0 \u00a0 \u00a0 \u00a0 \u00a0 \u00a0 \u00a0 \u00a0 \u00a0 \u00a0 \u00a0 \u00a0 \u00a0\u00a0Le travail \u00e0 faire dans l&rsquo;onglet \u00ab\u00a0<a href=\"https:\/\/et-musique.fr\/cahierdetexte\/index.php\" target=\"_blank\" rel=\"noopener\">cahier de textes<\/a>\u00ab\u00a0<\/span><\/h2>\r\n<h2><span style=\"font-size: 14pt;\">\u00a0 \u00a0 \u00a0 \u00a0 \u00a0 \u00a0 \u00a0 \u00a0 \u00a0 \u00a0 \u00a0 \u00a0 \u00a0 \u00a0R\u00e9viser les notions de th\u00e9orie dans l&rsquo;onglet \u00ab\u00a0<a href=\"https:\/\/et-musique.fr\/index.php\/un-peu-de-theorie\/\" target=\"_blank\" rel=\"noopener\">un peu th\u00e9orie<\/a>\u00ab\u00a0<\/span><\/h2>\r\n<h2><span style=\"font-size: 14pt;\">\u00a0 \u00a0 \u00a0 \u00a0 \u00a0 \u00a0 \u00a0 \u00a0 \u00a0 \u00a0 \u00a0 \u00a0 \u00a0 \u00a0Travailler en s&rsquo;amusant dans l&rsquo;onglet \u00ab\u00a0<a href=\"https:\/\/et-musique.fr\/index.php\/jeux\/\" target=\"_blank\" rel=\"noopener\">jeux<\/a>\u00ab\u00a0<\/span><\/h2>\r\n<h2><span style=\"font-size: 14pt;\">\u00a0 \u00a0 \u00a0 \u00a0 \u00a0 \u00a0 \u00a0 \u00a0 \u00a0 \u00a0 \u00a0 \u00a0 \u00a0 \u00a0R\u00e9viser les diff\u00e9rents chants pour les concerts dans l&rsquo;onglet \u00ab\u00a0<a href=\"https:\/\/et-musique.fr\/index.php\/concert-de-noel\/\" target=\"_blank\" rel=\"noopener\">concert<\/a>\u00a0\u00bb\u00a0 \u00a0 \u00a0 \u00a0<\/span><\/h2>\r\n<h2><span style=\"font-size: 14pt;\">\u00a0 \u00a0 \u00a0 \u00a0 \u00a0 \u00a0 \u00a0 \u00a0 \u00a0 \u00a0 \u00a0 \u00a0 \u00a0 \u00a0\u00a0D\u00e9couvrir l&rsquo;accord\u00e9on dans l&rsquo;onglet \u00ab\u00a0<a href=\"https:\/\/et-musique.fr\/index.php\/laccordeon\/\" target=\"_blank\" rel=\"noopener\">accord\u00e9on<\/a>\u00ab\u00a0<\/span><\/h2>\r\n&nbsp;\r\n\r\n<span style=\"font-size: 14pt;\">\u00a0 \u00a0 \u00a0 \u00a0 \u00a0 \u00a0 \u00a0 \u00a0 \u00a0 \u00a0 \u00a0 \u00a0 \u00a0 \u00a0 \u00a0 \u00a0 \u00a0 \u00a0 \u00a0 \u00a0 \u00a0 \u00a0 \u00a0 \u00a0 \u00a0 \u00a0 \u00a0 \u00a0 \u00a0 \u00a0 \u00a0 \u00a0 \u00a0 \u00a0 \u00a0 \u00a0 \u00a0Je vous souhaite une bonne ann\u00e9e musicale<\/span>\r\n\r\n<span style=\"font-size: 14pt;\">\u00a0 \u00a0 \u00a0 \u00a0 \u00a0 \u00a0 \u00a0 \u00a0 \u00a0 \u00a0 \u00a0 \u00a0 \u00a0 \u00a0 \u00a0 \u00a0 \u00a0 \u00a0 \u00a0 \u00a0 \u00a0 \u00a0 \u00a0 \u00a0 \u00a0 \u00a0 \u00a0 \u00a0 \u00a0 \u00a0 \u00a0 \u00a0 \u00a0 \u00a0 \u00a0 \u00a0 \u00a0 \u00a0 \u00a0 \u00a0 \u00a0 \u00a0 \u00a0 \u00a0 \u00a0 \u00a0 \u00a0 \u00a0 \u00a0 \u00a0 \u00a0 \u00a0 \u00a0 \u00a0 \u00a0 \u00a0 \u00a0 \u00a0 \u00a0 \u00a0 \u00a0 \u00a0 \u00a0 \u00a0 \u00a0 \u00a0 \u00a0 \u00a0 \u00a0 \u00a0 \u00a0 \u00a0 \u00a0 \u00a0 \u00a0 \u00a0 \u00a0 \u00a0 \u00a0 \u00a0 \u00a0 \u00a0 \u00a0Delphine<\/span>\r\n\r\n&nbsp;\r\n\r\n&nbsp;\r\n\r\n&nbsp;\r\n\r\n&nbsp;\r\n\r\n<!-- \/wp:post-content -->","protected":false},"excerpt":{"rendered":"<p>Bienvenue sur Et musique&#8230; &nbsp; Ce site est d\u00e9di\u00e9 \u00e0 mes \u00e9l\u00e8ves. Ils pourront trouver : &nbsp; \u00a0 \u00a0 \u00a0 \u00a0 \u00a0 \u00a0 \u00a0 \u00a0 \u00a0 \u00a0 \u00a0 \u00a0 \u00a0 \u00a0\u00a0Le travail \u00e0 faire dans l&rsquo;onglet \u00ab\u00a0cahier de textes\u00ab\u00a0 \u00a0 &hellip; <\/p>\n","protected":false},"author":1,"featured_media":0,"parent":0,"menu_order":0,"comment_status":"closed","ping_status":"closed","template":"","meta":{"footnotes":""},"class_list":["post-36","page","type-page","status-publish","hentry"],"_links":{"self":[{"href":"https:\/\/et-musique.fr\/index.php\/wp-json\/wp\/v2\/pages\/36","targetHints":{"allow":["GET"]}}],"collection":[{"href":"https:\/\/et-musique.fr\/index.php\/wp-json\/wp\/v2\/pages"}],"about":[{"href":"https:\/\/et-musique.fr\/index.php\/wp-json\/wp\/v2\/types\/page"}],"author":[{"embeddable":true,"href":"https:\/\/et-musique.fr\/index.php\/wp-json\/wp\/v2\/users\/1"}],"replies":[{"embeddable":true,"href":"https:\/\/et-musique.fr\/index.php\/wp-json\/wp\/v2\/comments?post=36"}],"version-history":[{"count":18,"href":"https:\/\/et-musique.fr\/index.php\/wp-json\/wp\/v2\/pages\/36\/revisions"}],"predecessor-version":[{"id":1264,"href":"https:\/\/et-musique.fr\/index.php\/wp-json\/wp\/v2\/pages\/36\/revisions\/1264"}],"wp:attachment":[{"href":"https:\/\/et-musique.fr\/index.php\/wp-json\/wp\/v2\/media?parent=36"}],"curies":[{"name":"wp","href":"https:\/\/api.w.org\/{rel}","templated":true}]}}